{"id":6774,"date":"2019-03-14T12:20:45","date_gmt":"2019-03-14T11:20:45","guid":{"rendered":"https:\/\/www.bestfor.it\/?page_id=6774"},"modified":"2019-03-14T16:18:26","modified_gmt":"2019-03-14T15:18:26","slug":"centro-coccion","status":"publish","type":"page","link":"https:\/\/www.bakeoff.it\/es\/hornos-profesionales\/centro-coccion","title":{"rendered":"Centro cocci\u00f3n"},"content":{"rendered":"<p><div id=\"slide_impieghi\" class=\"owl-carousel\">\r\n    <div><a href=\"forni-per-ristoranti\/\"><span class=\"icobf rest \"><\/span><h6>Restaurante<\/h6><\/a><\/div>\r\n    <div><a href=\"forni-per-panifici\/\"><span class=\"icobf brd \"><\/span><h6>Panader\u00eda<\/h6><\/a><\/div>\r\n    <div><a href=\"forni-per-pasticcerie\/\"><span class=\"icobf sweet \"><\/span><h6>Reposter\u00eda<\/h6><\/a><\/div>\r\n    <div><a href=\"forni-per-gastronomia\/\"><span class=\"icobf gast \"><\/span><h6>Gastronom\u00eda<\/h6><\/a><\/div>\r\n    <div><a href=\"forni-per-centri-cottura\/\"><span class=\"icobf cook on\"><\/span><h6>Centro de cocci\u00f3n<\/h6><\/a><\/div>\r\n    <div><a href=\"forni-per-macellerie-ortofrutta-pescherie\/\"><span class=\"icobf fast \"><\/span><h6>Carnicer\u00eda, Hortofrut\u00edcola y Pescader\u00eda<\/h6><\/a><\/div>\r\n    <\/div>\r\n    <div class=\"centerh5\"><h5>Otros campos de uso<\/h5><\/div><\/p>\n<div class=\"clearfix trecolonne\">\n<div class=\"first one-third\">\n\t\t<img loading=\"lazy\" decoding=\"async\" src=\"\/wp-content\/uploads\/2018\/04\/img-forni-per-centri-cottura.jpg\" alt=\"\" width=\"712\" height=\"475\">\n\t<\/div>\n<div class=\"two-thirds \">\n<h2>La tecnolog\u00eda de rendimiento<\/h2>\n<div>\n<p>Los comedores, escuelas, hospitales y grandes cocinas necesitan control, incluso de forma remota, seguridad del entorno laboral, el cumplimiento de los procedimientos y las normas HACCP. Obviamente tambi\u00e9n respetando tiempos y presupuestos. Todo esto es posible con vuestro GOURMET que, gracias a los avanzados sistemas de control, garantiza resultados \u00f3ptimos y constantes incluso a plena carga y con ciclos de trabajo forzados.<\/p>\n<p>La simplicidad de importar las recetas y los programas de cocci\u00f3n, junto con la capacidad de corregir los errores del operador, garantiza un resultado \u00f3ptimo y constante.<\/p>\n<p>La calidad y el sabor de los alimentos preparados se conservan, todo funciona de forma sencilla, segura y siempre bajo control.<\/p>\n<\/p><\/div>\n<\/p><\/div>\n<\/div>\n<hr class=\"small\"\/>\n<div class=\"clearfix\">\n<div class=\"first two-thirds\">\n<h2>Linea Gourmet<\/h2>\n<p>Tanto trabajo, ninguna sorpresa.<\/p>\n<h4 style=\"font-size: 22px; margin-top: 15px; margin-bottom: 15px;\">Equipaggiamento in dotazione<\/h4>\n<ul class=\"bf2col\">\n<li>Visualizzazione dati HACCP.<\/li>\n<li>Esportazione e stampa dati HACCP.<\/li>\n<li>Esecuzione di ricette e progammi preimpostati dai nostri Chef.<\/li>\n<li>Modifica e regolazione del grado di cottura desiderato e del carico infornata.<\/li>\n<li>Memorizzazione del grado di cottura desiderato e del carico infornata preferiti per ogni ricetta.<\/li>\n<li>Visualizzazione di tutte le informazioni necessarie per la preparazione e l&#8217;esecuzione delle ricette.<\/li>\n<li>Ricerca ricetta per immagine.<\/li>\n<li>Ricerca facilitata ricette per nome.<\/li>\n<li>Sistema di lavaggio automatico con 4 diversi livelli di intensit\u00e0 + risciacquo rapido.<\/li>\n<li>Partenza ritardata\/accensione automatica ad un&#8217;ora prestablita con o senza preriscaldamento.<\/li>\n<li>Raffreddamento automatico o suggerito della camera di cottura.<\/li>\n<li>Risciacquo automatico in caso di lavaggio interrotto.<\/li>\n<li>Avviso inserimento ed estrazione girante lavaggio.<\/li>\n<li>Avviso errori di utilizzo sonda al cuore.<\/li>\n<li>Camera con angoli stondati e griglie porteteglie in filo di acciao AISI 304 per garantire la massima igiene e pulizia.<\/li>\n<li>Vaschetta raccogligoccie ad alta capacit\u00e0 di raccolta e scarico.<\/li>\n<li>Porte con doppi vetri temprati atermici basso emissivi.<\/li>\n<\/ul>\n<\/div>\n<div class=\"one-third\"><img decoding=\"async\" src=\"\/wp-content\/uploads\/2018\/04\/forno-professionale-bestfor-rack.jpg\" width=\"300\" align=\"right\" alt=\"\"><\/div>\n<\/div>\n<hr class=\"small\"\/>\n<h3 class=\"rosso\">Las lineas adaptas para esta actividad<\/h3>\n<h4>Linea Gourmet<\/h4>\n<p><div class=\"owl-carousel bf\"><div class=\"listing-item\"><a class=\"image\" href=\"https:\/\/www.bakeoff.it\/es\/forni\/gourmet\/gourmet-5t-gn2-3-classic\"><img loading=\"lazy\" decoding=\"async\" width=\"620\" height=\"380\" src=\"https:\/\/www.bakeoff.it\/wp-content\/uploads\/2021\/03\/g_523_c-620x380.jpg\" class=\"attachment-portfolio size-portfolio wp-post-image\" alt=\"\" \/><\/a> <a class=\"title\" href=\"https:\/\/www.bakeoff.it\/es\/forni\/gourmet\/gourmet-5t-gn2-3-classic\">Gourmet 5T GN2\/3 Classic<\/a><\/div><div class=\"listing-item\"><a class=\"image\" href=\"https:\/\/www.bakeoff.it\/es\/forni\/gourmet\/slim-5t-classic\"><img loading=\"lazy\" decoding=\"async\" width=\"620\" height=\"380\" src=\"https:\/\/www.bakeoff.it\/wp-content\/uploads\/2021\/03\/g_slim_c-4-620x380.jpg\" class=\"attachment-portfolio size-portfolio wp-post-image\" alt=\"\" \/><\/a> <a class=\"title\" href=\"https:\/\/www.bakeoff.it\/es\/forni\/gourmet\/slim-5t-classic\">Slim 5T Classic<\/a><\/div><div class=\"listing-item\"><a class=\"image\" href=\"https:\/\/www.bakeoff.it\/es\/forni\/gourmet\/gourmet-5t-classic\"><img loading=\"lazy\" decoding=\"async\" width=\"620\" height=\"380\" src=\"https:\/\/www.bakeoff.it\/wp-content\/uploads\/2021\/03\/g_511_c-4-620x380.jpg\" class=\"attachment-portfolio size-portfolio wp-post-image\" alt=\"\" \/><\/a> <a class=\"title\" href=\"https:\/\/www.bakeoff.it\/es\/forni\/gourmet\/gourmet-5t-classic\">Gourmet 5T Classic<\/a><\/div><div class=\"listing-item\"><a class=\"image\" href=\"https:\/\/www.bakeoff.it\/es\/forni\/gourmet\/gourmet-10t-classic\"><img loading=\"lazy\" decoding=\"async\" width=\"620\" height=\"380\" src=\"https:\/\/www.bakeoff.it\/wp-content\/uploads\/2021\/03\/g_1011_c-4-620x380.jpg\" class=\"attachment-portfolio size-portfolio wp-post-image\" alt=\"\" \/><\/a> <a class=\"title\" href=\"https:\/\/www.bakeoff.it\/es\/forni\/gourmet\/gourmet-10t-classic\">Gourmet 10T Classic<\/a><\/div><div class=\"listing-item\"><a class=\"image\" href=\"https:\/\/www.bakeoff.it\/es\/forni\/gourmet\/gourmet-6t-gn2-1-classic\"><img loading=\"lazy\" decoding=\"async\" width=\"620\" height=\"380\" src=\"https:\/\/www.bakeoff.it\/wp-content\/uploads\/2021\/03\/g_621_c-4-620x380.jpg\" class=\"attachment-portfolio size-portfolio wp-post-image\" alt=\"\" \/><\/a> <a class=\"title\" href=\"https:\/\/www.bakeoff.it\/es\/forni\/gourmet\/gourmet-6t-gn2-1-classic\">Gourmet 6T GN2\/1 Classic<\/a><\/div><div class=\"listing-item\"><a class=\"image\" href=\"https:\/\/www.bakeoff.it\/es\/forni\/gourmet\/gourmet-10t-gn2-1-classic\"><img loading=\"lazy\" decoding=\"async\" width=\"620\" height=\"380\" src=\"https:\/\/www.bakeoff.it\/wp-content\/uploads\/2021\/03\/g_1021_c-620x380.jpg\" class=\"attachment-portfolio size-portfolio wp-post-image\" alt=\"\" \/><\/a> <a class=\"title\" href=\"https:\/\/www.bakeoff.it\/es\/forni\/gourmet\/gourmet-10t-gn2-1-classic\">Gourmet 10T GN2\/1 Classic<\/a><\/div><div class=\"listing-item\"><a class=\"image\" href=\"https:\/\/www.bakeoff.it\/es\/forni\/gourmet\/rack-20t-classic\"><img loading=\"lazy\" decoding=\"async\" width=\"620\" height=\"380\" src=\"https:\/\/www.bakeoff.it\/wp-content\/uploads\/2020\/06\/rack-ok-620x380.jpg\" class=\"attachment-portfolio size-portfolio wp-post-image\" alt=\"\" \/><\/a> <a class=\"title\" href=\"https:\/\/www.bakeoff.it\/es\/forni\/gourmet\/rack-20t-classic\">Rack 20T Classic<\/a><\/div><div class=\"listing-item\"><a class=\"image\" href=\"https:\/\/www.bakeoff.it\/es\/forni\/gourmet\/gourmet-5t-gn2-3-master-pro\"><img loading=\"lazy\" decoding=\"async\" width=\"620\" height=\"380\" src=\"https:\/\/www.bakeoff.it\/wp-content\/uploads\/2022\/11\/926004280-620x380.jpg\" class=\"attachment-portfolio size-portfolio wp-post-image\" alt=\"\" \/><\/a> <a class=\"title\" href=\"https:\/\/www.bakeoff.it\/es\/forni\/gourmet\/gourmet-5t-gn2-3-master-pro\">Gourmet 5T GN2\/3 Master Pro<\/a><\/div><div class=\"listing-item\"><a class=\"image\" href=\"https:\/\/www.bakeoff.it\/es\/forni\/gourmet\/gourmet-5t-slim-master-pro\"><img loading=\"lazy\" decoding=\"async\" width=\"620\" height=\"380\" src=\"https:\/\/www.bakeoff.it\/wp-content\/uploads\/2022\/11\/926004830-620x380.jpg\" class=\"attachment-portfolio size-portfolio wp-post-image\" alt=\"\" \/><\/a> <a class=\"title\" href=\"https:\/\/www.bakeoff.it\/es\/forni\/gourmet\/gourmet-5t-slim-master-pro\">Gourmet 5T Slim Master Pro<\/a><\/div><div class=\"listing-item\"><a class=\"image\" href=\"https:\/\/www.bakeoff.it\/es\/forni\/gourmet\/gourmet-5t-master-pro\"><img loading=\"lazy\" decoding=\"async\" width=\"620\" height=\"380\" src=\"https:\/\/www.bakeoff.it\/wp-content\/uploads\/2022\/11\/926004630-620x380.jpg\" class=\"attachment-portfolio size-portfolio wp-post-image\" alt=\"\" \/><\/a> <a class=\"title\" href=\"https:\/\/www.bakeoff.it\/es\/forni\/gourmet\/gourmet-5t-master-pro\">Gourmet 5T Master Pro<\/a><\/div><div class=\"listing-item\"><a class=\"image\" href=\"https:\/\/www.bakeoff.it\/es\/forni\/gourmet\/gourmet-10t-master-pro\"><img loading=\"lazy\" decoding=\"async\" width=\"620\" height=\"380\" src=\"https:\/\/www.bakeoff.it\/wp-content\/uploads\/2022\/11\/926007630-620x380.jpg\" class=\"attachment-portfolio size-portfolio wp-post-image\" alt=\"\" \/><\/a> <a class=\"title\" href=\"https:\/\/www.bakeoff.it\/es\/forni\/gourmet\/gourmet-10t-master-pro\">Gourmet 10T Master Pro<\/a><\/div><div class=\"listing-item\"><a class=\"image\" href=\"https:\/\/www.bakeoff.it\/es\/forni\/gourmet\/gourmet-6t-gn2-1-master-pro\"><img loading=\"lazy\" decoding=\"async\" width=\"620\" height=\"380\" src=\"https:\/\/www.bakeoff.it\/wp-content\/uploads\/2022\/11\/926013230-620x380.jpg\" class=\"attachment-portfolio size-portfolio wp-post-image\" alt=\"\" \/><\/a> <a class=\"title\" href=\"https:\/\/www.bakeoff.it\/es\/forni\/gourmet\/gourmet-6t-gn2-1-master-pro\">Gourmet 6T GN2\/1 Master Pro<\/a><\/div><div class=\"listing-item\"><a class=\"image\" href=\"https:\/\/www.bakeoff.it\/es\/forni\/gourmet\/gourmet-10t-gn2-1-master-pro\"><img loading=\"lazy\" decoding=\"async\" width=\"620\" height=\"380\" src=\"https:\/\/www.bakeoff.it\/wp-content\/uploads\/2022\/11\/926013630-620x380.jpg\" class=\"attachment-portfolio size-portfolio wp-post-image\" alt=\"\" \/><\/a> <a class=\"title\" href=\"https:\/\/www.bakeoff.it\/es\/forni\/gourmet\/gourmet-10t-gn2-1-master-pro\">Gourmet 10T GN2\/1 Master Pro<\/a><\/div><div class=\"listing-item\"><a class=\"image\" href=\"https:\/\/www.bakeoff.it\/es\/forni\/gourmet\/rack-20t-master-pro\"><img loading=\"lazy\" decoding=\"async\" width=\"620\" height=\"380\" src=\"https:\/\/www.bakeoff.it\/wp-content\/uploads\/2020\/06\/rack-masterproOK-620x380.jpg\" class=\"attachment-portfolio size-portfolio wp-post-image\" alt=\"\" \/><\/a> <a class=\"title\" href=\"https:\/\/www.bakeoff.it\/es\/forni\/gourmet\/rack-20t-master-pro\">Rack 20T Master Pro<\/a><\/div><div class=\"listing-item\"><a class=\"image\" href=\"https:\/\/www.bakeoff.it\/es\/forni\/gourmet\/bistrot-7t-classic\"><img loading=\"lazy\" decoding=\"async\" width=\"620\" height=\"380\" src=\"https:\/\/www.bakeoff.it\/wp-content\/uploads\/2025\/06\/g_765_c-620x380.jpg\" class=\"attachment-portfolio size-portfolio wp-post-image\" alt=\"\" \/><\/a> <a class=\"title\" href=\"https:\/\/www.bakeoff.it\/es\/forni\/gourmet\/bistrot-7t-classic\">Gourmet 7T-L Classic<\/a><\/div><div class=\"listing-item\"><a class=\"image\" href=\"https:\/\/www.bakeoff.it\/es\/forni\/gourmet\/gourmet-7t-master-pro\"><img loading=\"lazy\" decoding=\"async\" width=\"620\" height=\"380\" src=\"https:\/\/www.bakeoff.it\/wp-content\/uploads\/2025\/06\/g_765_mp-620x380.jpg\" class=\"attachment-portfolio size-portfolio wp-post-image\" alt=\"\" \/><\/a> <a class=\"title\" href=\"https:\/\/www.bakeoff.it\/es\/forni\/gourmet\/gourmet-7t-master-pro\">Gourmet 7T-L Master Pro<\/a><\/div><div class=\"listing-item\"><a class=\"image\" href=\"https:\/\/www.bakeoff.it\/es\/forni\/gourmet\/gourmet-12t-classic\"><img loading=\"lazy\" decoding=\"async\" width=\"620\" height=\"380\" src=\"https:\/\/www.bakeoff.it\/wp-content\/uploads\/2025\/06\/g_1265_c-620x380.jpg\" class=\"attachment-portfolio size-portfolio wp-post-image\" alt=\"\" \/><\/a> <a class=\"title\" href=\"https:\/\/www.bakeoff.it\/es\/forni\/gourmet\/gourmet-12t-classic\">Gourmet 12T-L Classic<\/a><\/div><div class=\"listing-item\"><a class=\"image\" href=\"https:\/\/www.bakeoff.it\/es\/forni\/gourmet\/gourmet-12t-master-pro\"><img loading=\"lazy\" decoding=\"async\" width=\"620\" height=\"380\" src=\"https:\/\/www.bakeoff.it\/wp-content\/uploads\/2025\/06\/g_1265_mp-620x380.jpg\" class=\"attachment-portfolio size-portfolio wp-post-image\" alt=\"\" \/><\/a> <a class=\"title\" href=\"https:\/\/www.bakeoff.it\/es\/forni\/gourmet\/gourmet-12t-master-pro\">Gourmet 12T-L Master Pro<\/a><\/div><div class=\"listing-item\"><a class=\"image\" href=\"https:\/\/www.bakeoff.it\/es\/forni\/gourmet\/gourmet-19t-classic\"><img loading=\"lazy\" decoding=\"async\" width=\"620\" height=\"380\" src=\"https:\/\/www.bakeoff.it\/wp-content\/uploads\/2020\/06\/rack-ok-620x380.jpg\" class=\"attachment-portfolio size-portfolio wp-post-image\" alt=\"\" \/><\/a> <a class=\"title\" href=\"https:\/\/www.bakeoff.it\/es\/forni\/gourmet\/gourmet-19t-classic\">Gourmet 19T Classic<\/a><\/div><div class=\"listing-item\"><a class=\"image\" href=\"https:\/\/www.bakeoff.it\/es\/forni\/gourmet\/gourmet-19t-master-pro\"><img loading=\"lazy\" decoding=\"async\" width=\"620\" height=\"380\" src=\"https:\/\/www.bakeoff.it\/wp-content\/uploads\/2020\/06\/rack-masterproOK-620x380.jpg\" class=\"attachment-portfolio size-portfolio wp-post-image\" alt=\"\" \/><\/a> <a class=\"title\" href=\"https:\/\/www.bakeoff.it\/es\/forni\/gourmet\/gourmet-19t-master-pro\">Gourmet 19T Master Pro<\/a><\/div><\/div><\/p>\n","protected":false},"excerpt":{"rendered":"<p>La tecnolog\u00eda de rendimiento Los comedores, escuelas, hospitales y grandes cocinas necesitan control, incluso de forma remota, seguridad del entorno laboral, el cumplimiento de los procedimientos y las normas HACCP. Obviamente tambi\u00e9n respetando tiempos y presupuestos. Todo esto es posible con vuestro GOURMET que, gracias a los avanzados sistemas de control, garantiza resultados \u00f3ptimos y&hellip; <a href=\"https:\/\/www.bakeoff.it\/es\/forni\/gourmet\/gourmet-19t-master-pro\" class=\"more-link\">Read more <span class=\"screen-reader-text\">acerca de Gourmet 19T Master Pro<\/span><\/a><\/p>\n","protected":false},"author":2,"featured_media":0,"parent":6763,"menu_order":0,"comment_status":"closed","ping_status":"closed","template":"statica-single-post.php","meta":{"_acf_changed":false,"_genesis_hide_title":false,"_genesis_hide_breadcrumbs":false,"_genesis_hide_singular_image":false,"_genesis_hide_footer_widgets":false,"_genesis_custom_body_class":"","_genesis_custom_post_class":"","_genesis_layout":"","footnotes":""},"class_list":{"0":"post-6774","1":"page","2":"type-page","3":"status-publish","5":"entry","6":"has-post-thumbnail"},"acf":[],"_links":{"self":[{"href":"https:\/\/www.bakeoff.it\/es\/wp-json\/wp\/v2\/pages\/6774","targetHints":{"allow":["GET"]}}],"collection":[{"href":"https:\/\/www.bakeoff.it\/es\/wp-json\/wp\/v2\/pages"}],"about":[{"href":"https:\/\/www.bakeoff.it\/es\/wp-json\/wp\/v2\/types\/page"}],"author":[{"embeddable":true,"href":"https:\/\/www.bakeoff.it\/es\/wp-json\/wp\/v2\/users\/2"}],"replies":[{"embeddable":true,"href":"https:\/\/www.bakeoff.it\/es\/wp-json\/wp\/v2\/comments?post=6774"}],"version-history":[{"count":0,"href":"https:\/\/www.bakeoff.it\/es\/wp-json\/wp\/v2\/pages\/6774\/revisions"}],"up":[{"embeddable":true,"href":"https:\/\/www.bakeoff.it\/es\/wp-json\/wp\/v2\/pages\/6763"}],"wp:attachment":[{"href":"https:\/\/www.bakeoff.it\/es\/wp-json\/wp\/v2\/media?parent=6774"}],"curies":[{"name":"wp","href":"https:\/\/api.w.org\/{rel}","templated":true}]}}