{"id":6776,"date":"2019-03-14T12:25:34","date_gmt":"2019-03-14T11:25:34","guid":{"rendered":"https:\/\/www.bestfor.it\/?page_id=6776"},"modified":"2019-03-14T16:18:31","modified_gmt":"2019-03-14T15:18:31","slug":"carniceria-hortofruticola-y-pescaderia","status":"publish","type":"page","link":"https:\/\/www.bakeoff.it\/es\/hornos-profesionales\/carniceria-hortofruticola-y-pescaderia","title":{"rendered":"Carnicer\u00eda, Hortofrut\u00edcola y Pescader\u00eda"},"content":{"rendered":"<p><div id=\"slide_impieghi\" class=\"owl-carousel\">\r\n    <div><a href=\"forni-per-ristoranti\/\"><span class=\"icobf rest \"><\/span><h6>Restaurante<\/h6><\/a><\/div>\r\n    <div><a href=\"forni-per-panifici\/\"><span class=\"icobf brd \"><\/span><h6>Panader\u00eda<\/h6><\/a><\/div>\r\n    <div><a href=\"forni-per-pasticcerie\/\"><span class=\"icobf sweet \"><\/span><h6>Reposter\u00eda<\/h6><\/a><\/div>\r\n    <div><a href=\"forni-per-gastronomia\/\"><span class=\"icobf gast \"><\/span><h6>Gastronom\u00eda<\/h6><\/a><\/div>\r\n    <div><a href=\"forni-per-centri-cottura\/\"><span class=\"icobf cook \"><\/span><h6>Centro de cocci\u00f3n<\/h6><\/a><\/div>\r\n    <div><a href=\"forni-per-macellerie-ortofrutta-pescherie\/\"><span class=\"icobf fast on\"><\/span><h6>Carnicer\u00eda, Hortofrut\u00edcola y Pescader\u00eda<\/h6><\/a><\/div>\r\n    <\/div>\r\n    <div class=\"centerh5\"><h5>Otros campos de uso<\/h5><\/div><\/p>\n<div class=\"clearfix trecolonne\">\n<div class=\"first one-third\">\n\t\t<img loading=\"lazy\" decoding=\"async\" src=\"\/wp-content\/uploads\/2018\/06\/forni-pesce-verdure.jpg\" alt=\"\" width=\"712\" height=\"475\">\n\t<\/div>\n<div class=\"two-thirds \">\n<h2>La tecnolog\u00eda que innova<\/h2>\n<div>\n<p>Implementar y renovar las actividades que siempre garantizan frescura, calidad y confort al consumidor m\u00e1s atento y exigente, sin alterar el local y con una inversi\u00f3n m\u00ednima.<\/p>\n<p>Convierte tus alimentos frescos en refinados y deliciosos productos para llevar.<\/p>\n<p>Con las recetas y los programas de cocina creados por nuestros chefs podr\u00e1s cocinar y cocinar a\u00f1adiendo sabor, servicio y valor a la calidad de siempre. Mejor surtido, menos desperdicio, m\u00e1s ganancias.<\/p>\n<\/p><\/div>\n<\/p><\/div>\n<\/div>\n<hr class=\"small\"\/>\n<div class=\"clearfix\">\n<div class=\"first two-thirds\">\n<h2>Linea Gourmet<\/h2>\n<p>Los alimentos de siempre se transforman en platos especiales.<\/p>\n<h4 style=\"font-size: 22px; margin-top: 15px; margin-bottom: 15px;\">Equipaggiamento in dotazione<\/h4>\n<ul class=\"bf2col\">\n<li>Ejecuci\u00f3n de recetas y programas preestablecidos por nuestros Chefs.<\/li>\n<li>Modificaci\u00f3n y regulaci\u00f3n del grado de cocci\u00f3n deseado y de la carga en el horno.<\/li>\n<li>Memorizaci\u00f3n del grado de cocci\u00f3n deseado y de la carga en el horno preferidos para cada receta.<\/li>\n<li>Visualizaci\u00f3n de toda la informaci\u00f3n necesaria para la preparaci\u00f3n y ejecuci\u00f3n de las recetas.<\/li>\n<li>B\u00fasqueda de recetas por imagen.<\/li>\n<li>F\u00e1cil b\u00fasqueda de recetas por nombre.<\/li>\n<li>Puerta reversible con apertura derecha \/ izquierda.<\/li>\n<li>Sistema de lavado autom\u00e1tico con 4 niveles diferentes de intensidad + enjuague r\u00e1pido.<\/li>\n<li>Inivio diferido \/ inicio autom\u00e1tico a una hora preestablecida con o sin precalentamiento.<\/li>\n<li>Enjuague autom\u00e1tico en caso de lavado interrumpido.<\/li>\n<li>Aviso de inserci\u00f3n y extracci\u00f3n del impulsor de lavado.<\/li>\n<li>Aviso de errores de uso de la sonda.<\/li>\n<\/ul>\n<\/div>\n<div class=\"one-third\"><img decoding=\"async\" src=\"\/wp-content\/uploads\/2018\/04\/forno-professionale-bestfor-621.jpg\" alt=\"\"  \/><\/div>\n<\/div>\n<hr class=\"small\"\/>\n<h3 class=\"rosso\">Le linee adatte a queste attivit\u00e0<\/h3>\n<h4>Linea Gourmet<\/h4>\n<p><div class=\"owl-carousel bf\"><div class=\"listing-item\"><a class=\"image\" href=\"https:\/\/www.bakeoff.it\/es\/forni\/gourmet\/gourmet-5t-gn2-3-classic\"><img loading=\"lazy\" decoding=\"async\" width=\"620\" height=\"380\" src=\"https:\/\/www.bakeoff.it\/wp-content\/uploads\/2021\/03\/g_523_c-620x380.jpg\" class=\"attachment-portfolio size-portfolio wp-post-image\" alt=\"\" \/><\/a> <a class=\"title\" href=\"https:\/\/www.bakeoff.it\/es\/forni\/gourmet\/gourmet-5t-gn2-3-classic\">Gourmet 5T GN2\/3 Classic<\/a><\/div><div class=\"listing-item\"><a class=\"image\" href=\"https:\/\/www.bakeoff.it\/es\/forni\/gourmet\/slim-5t-classic\"><img loading=\"lazy\" decoding=\"async\" width=\"620\" height=\"380\" src=\"https:\/\/www.bakeoff.it\/wp-content\/uploads\/2021\/03\/g_slim_c-4-620x380.jpg\" class=\"attachment-portfolio size-portfolio wp-post-image\" alt=\"\" \/><\/a> <a class=\"title\" href=\"https:\/\/www.bakeoff.it\/es\/forni\/gourmet\/slim-5t-classic\">Slim 5T Classic<\/a><\/div><div class=\"listing-item\"><a class=\"image\" href=\"https:\/\/www.bakeoff.it\/es\/forni\/gourmet\/gourmet-5t-classic\"><img loading=\"lazy\" decoding=\"async\" width=\"620\" height=\"380\" src=\"https:\/\/www.bakeoff.it\/wp-content\/uploads\/2021\/03\/g_511_c-4-620x380.jpg\" class=\"attachment-portfolio size-portfolio wp-post-image\" alt=\"\" \/><\/a> <a class=\"title\" href=\"https:\/\/www.bakeoff.it\/es\/forni\/gourmet\/gourmet-5t-classic\">Gourmet 5T Classic<\/a><\/div><div class=\"listing-item\"><a class=\"image\" href=\"https:\/\/www.bakeoff.it\/es\/forni\/gourmet\/gourmet-10t-classic\"><img loading=\"lazy\" decoding=\"async\" width=\"620\" height=\"380\" src=\"https:\/\/www.bakeoff.it\/wp-content\/uploads\/2021\/03\/g_1011_c-4-620x380.jpg\" class=\"attachment-portfolio size-portfolio wp-post-image\" alt=\"\" \/><\/a> <a class=\"title\" href=\"https:\/\/www.bakeoff.it\/es\/forni\/gourmet\/gourmet-10t-classic\">Gourmet 10T Classic<\/a><\/div><div class=\"listing-item\"><a class=\"image\" href=\"https:\/\/www.bakeoff.it\/es\/forni\/gourmet\/gourmet-6t-gn2-1-classic\"><img loading=\"lazy\" decoding=\"async\" width=\"620\" height=\"380\" src=\"https:\/\/www.bakeoff.it\/wp-content\/uploads\/2021\/03\/g_621_c-4-620x380.jpg\" class=\"attachment-portfolio size-portfolio wp-post-image\" alt=\"\" \/><\/a> <a class=\"title\" href=\"https:\/\/www.bakeoff.it\/es\/forni\/gourmet\/gourmet-6t-gn2-1-classic\">Gourmet 6T GN2\/1 Classic<\/a><\/div><div class=\"listing-item\"><a class=\"image\" href=\"https:\/\/www.bakeoff.it\/es\/forni\/gourmet\/gourmet-10t-gn2-1-classic\"><img loading=\"lazy\" decoding=\"async\" width=\"620\" height=\"380\" src=\"https:\/\/www.bakeoff.it\/wp-content\/uploads\/2021\/03\/g_1021_c-620x380.jpg\" class=\"attachment-portfolio size-portfolio wp-post-image\" alt=\"\" \/><\/a> <a class=\"title\" href=\"https:\/\/www.bakeoff.it\/es\/forni\/gourmet\/gourmet-10t-gn2-1-classic\">Gourmet 10T GN2\/1 Classic<\/a><\/div><div class=\"listing-item\"><a class=\"image\" href=\"https:\/\/www.bakeoff.it\/es\/forni\/gourmet\/rack-20t-classic\"><img loading=\"lazy\" decoding=\"async\" width=\"620\" height=\"380\" src=\"https:\/\/www.bakeoff.it\/wp-content\/uploads\/2020\/06\/rack-ok-620x380.jpg\" class=\"attachment-portfolio size-portfolio wp-post-image\" alt=\"\" \/><\/a> <a class=\"title\" href=\"https:\/\/www.bakeoff.it\/es\/forni\/gourmet\/rack-20t-classic\">Rack 20T Classic<\/a><\/div><div class=\"listing-item\"><a class=\"image\" href=\"https:\/\/www.bakeoff.it\/es\/forni\/gourmet\/gourmet-5t-gn2-3-master-pro\"><img loading=\"lazy\" decoding=\"async\" width=\"620\" height=\"380\" src=\"https:\/\/www.bakeoff.it\/wp-content\/uploads\/2022\/11\/926004280-620x380.jpg\" class=\"attachment-portfolio size-portfolio wp-post-image\" alt=\"\" \/><\/a> <a class=\"title\" href=\"https:\/\/www.bakeoff.it\/es\/forni\/gourmet\/gourmet-5t-gn2-3-master-pro\">Gourmet 5T GN2\/3 Master Pro<\/a><\/div><div class=\"listing-item\"><a class=\"image\" href=\"https:\/\/www.bakeoff.it\/es\/forni\/gourmet\/gourmet-5t-slim-master-pro\"><img loading=\"lazy\" decoding=\"async\" width=\"620\" height=\"380\" src=\"https:\/\/www.bakeoff.it\/wp-content\/uploads\/2022\/11\/926004830-620x380.jpg\" class=\"attachment-portfolio size-portfolio wp-post-image\" alt=\"\" \/><\/a> <a class=\"title\" href=\"https:\/\/www.bakeoff.it\/es\/forni\/gourmet\/gourmet-5t-slim-master-pro\">Gourmet 5T Slim Master Pro<\/a><\/div><div class=\"listing-item\"><a class=\"image\" href=\"https:\/\/www.bakeoff.it\/es\/forni\/gourmet\/gourmet-5t-master-pro\"><img loading=\"lazy\" decoding=\"async\" width=\"620\" height=\"380\" src=\"https:\/\/www.bakeoff.it\/wp-content\/uploads\/2022\/11\/926004630-620x380.jpg\" class=\"attachment-portfolio size-portfolio wp-post-image\" alt=\"\" \/><\/a> <a class=\"title\" href=\"https:\/\/www.bakeoff.it\/es\/forni\/gourmet\/gourmet-5t-master-pro\">Gourmet 5T Master Pro<\/a><\/div><div class=\"listing-item\"><a class=\"image\" href=\"https:\/\/www.bakeoff.it\/es\/forni\/gourmet\/gourmet-10t-master-pro\"><img loading=\"lazy\" decoding=\"async\" width=\"620\" height=\"380\" src=\"https:\/\/www.bakeoff.it\/wp-content\/uploads\/2022\/11\/926007630-620x380.jpg\" class=\"attachment-portfolio size-portfolio wp-post-image\" alt=\"\" \/><\/a> <a class=\"title\" href=\"https:\/\/www.bakeoff.it\/es\/forni\/gourmet\/gourmet-10t-master-pro\">Gourmet 10T Master Pro<\/a><\/div><div class=\"listing-item\"><a class=\"image\" href=\"https:\/\/www.bakeoff.it\/es\/forni\/gourmet\/gourmet-6t-gn2-1-master-pro\"><img loading=\"lazy\" decoding=\"async\" width=\"620\" height=\"380\" src=\"https:\/\/www.bakeoff.it\/wp-content\/uploads\/2022\/11\/926013230-620x380.jpg\" class=\"attachment-portfolio size-portfolio wp-post-image\" alt=\"\" \/><\/a> <a class=\"title\" href=\"https:\/\/www.bakeoff.it\/es\/forni\/gourmet\/gourmet-6t-gn2-1-master-pro\">Gourmet 6T GN2\/1 Master Pro<\/a><\/div><div class=\"listing-item\"><a class=\"image\" href=\"https:\/\/www.bakeoff.it\/es\/forni\/gourmet\/gourmet-10t-gn2-1-master-pro\"><img loading=\"lazy\" decoding=\"async\" width=\"620\" height=\"380\" src=\"https:\/\/www.bakeoff.it\/wp-content\/uploads\/2022\/11\/926013630-620x380.jpg\" class=\"attachment-portfolio size-portfolio wp-post-image\" alt=\"\" \/><\/a> <a class=\"title\" href=\"https:\/\/www.bakeoff.it\/es\/forni\/gourmet\/gourmet-10t-gn2-1-master-pro\">Gourmet 10T GN2\/1 Master Pro<\/a><\/div><div class=\"listing-item\"><a class=\"image\" href=\"https:\/\/www.bakeoff.it\/es\/forni\/gourmet\/rack-20t-master-pro\"><img loading=\"lazy\" decoding=\"async\" width=\"620\" height=\"380\" src=\"https:\/\/www.bakeoff.it\/wp-content\/uploads\/2020\/06\/rack-masterproOK-620x380.jpg\" class=\"attachment-portfolio size-portfolio wp-post-image\" alt=\"\" \/><\/a> <a class=\"title\" href=\"https:\/\/www.bakeoff.it\/es\/forni\/gourmet\/rack-20t-master-pro\">Rack 20T Master Pro<\/a><\/div><div class=\"listing-item\"><a class=\"image\" href=\"https:\/\/www.bakeoff.it\/es\/forni\/gourmet\/bistrot-7t-classic\"><img loading=\"lazy\" decoding=\"async\" width=\"620\" height=\"380\" src=\"https:\/\/www.bakeoff.it\/wp-content\/uploads\/2025\/06\/g_765_c-620x380.jpg\" class=\"attachment-portfolio size-portfolio wp-post-image\" alt=\"\" \/><\/a> <a class=\"title\" href=\"https:\/\/www.bakeoff.it\/es\/forni\/gourmet\/bistrot-7t-classic\">Gourmet 7T-L Classic<\/a><\/div><div class=\"listing-item\"><a class=\"image\" href=\"https:\/\/www.bakeoff.it\/es\/forni\/gourmet\/gourmet-7t-master-pro\"><img loading=\"lazy\" decoding=\"async\" width=\"620\" height=\"380\" src=\"https:\/\/www.bakeoff.it\/wp-content\/uploads\/2025\/06\/g_765_mp-620x380.jpg\" class=\"attachment-portfolio size-portfolio wp-post-image\" alt=\"\" \/><\/a> <a class=\"title\" href=\"https:\/\/www.bakeoff.it\/es\/forni\/gourmet\/gourmet-7t-master-pro\">Gourmet 7T-L Master Pro<\/a><\/div><div class=\"listing-item\"><a class=\"image\" href=\"https:\/\/www.bakeoff.it\/es\/forni\/gourmet\/gourmet-12t-classic\"><img loading=\"lazy\" decoding=\"async\" width=\"620\" height=\"380\" src=\"https:\/\/www.bakeoff.it\/wp-content\/uploads\/2025\/06\/g_1265_c-620x380.jpg\" class=\"attachment-portfolio size-portfolio wp-post-image\" alt=\"\" \/><\/a> <a class=\"title\" href=\"https:\/\/www.bakeoff.it\/es\/forni\/gourmet\/gourmet-12t-classic\">Gourmet 12T-L Classic<\/a><\/div><div class=\"listing-item\"><a class=\"image\" href=\"https:\/\/www.bakeoff.it\/es\/forni\/gourmet\/gourmet-12t-master-pro\"><img loading=\"lazy\" decoding=\"async\" width=\"620\" height=\"380\" src=\"https:\/\/www.bakeoff.it\/wp-content\/uploads\/2025\/06\/g_1265_mp-620x380.jpg\" class=\"attachment-portfolio size-portfolio wp-post-image\" alt=\"\" \/><\/a> <a class=\"title\" href=\"https:\/\/www.bakeoff.it\/es\/forni\/gourmet\/gourmet-12t-master-pro\">Gourmet 12T-L Master Pro<\/a><\/div><div class=\"listing-item\"><a class=\"image\" href=\"https:\/\/www.bakeoff.it\/es\/forni\/gourmet\/gourmet-19t-classic\"><img loading=\"lazy\" decoding=\"async\" width=\"620\" height=\"380\" src=\"https:\/\/www.bakeoff.it\/wp-content\/uploads\/2020\/06\/rack-ok-620x380.jpg\" class=\"attachment-portfolio size-portfolio wp-post-image\" alt=\"\" \/><\/a> <a class=\"title\" href=\"https:\/\/www.bakeoff.it\/es\/forni\/gourmet\/gourmet-19t-classic\">Gourmet 19T Classic<\/a><\/div><div class=\"listing-item\"><a class=\"image\" href=\"https:\/\/www.bakeoff.it\/es\/forni\/gourmet\/gourmet-19t-master-pro\"><img loading=\"lazy\" decoding=\"async\" width=\"620\" height=\"380\" src=\"https:\/\/www.bakeoff.it\/wp-content\/uploads\/2020\/06\/rack-masterproOK-620x380.jpg\" class=\"attachment-portfolio size-portfolio wp-post-image\" alt=\"\" \/><\/a> <a class=\"title\" href=\"https:\/\/www.bakeoff.it\/es\/forni\/gourmet\/gourmet-19t-master-pro\">Gourmet 19T Master Pro<\/a><\/div><\/div><\/p>\n<h4>Linea Easy<\/h4>\n<p><div class=\"owl-carousel bf\"><div class=\"listing-item\"><a class=\"image\" href=\"https:\/\/www.bakeoff.it\/es\/forni\/easy-2\/easy-4t-manual\"><img loading=\"lazy\" decoding=\"async\" width=\"620\" height=\"380\" src=\"https:\/\/www.bakeoff.it\/wp-content\/uploads\/2021\/03\/e_4_m-4-620x380.jpg\" class=\"attachment-portfolio size-portfolio wp-post-image\" alt=\"\" \/><\/a> <a class=\"title\" href=\"https:\/\/www.bakeoff.it\/es\/forni\/easy-2\/easy-4t-manual\">Easy 4T Manual<\/a><\/div><div class=\"listing-item\"><a class=\"image\" href=\"https:\/\/www.bakeoff.it\/es\/forni\/easy-2\/easy-6t-manual\"><img loading=\"lazy\" decoding=\"async\" width=\"620\" height=\"380\" src=\"https:\/\/www.bakeoff.it\/wp-content\/uploads\/2021\/03\/e_6_m-4-620x380.jpg\" class=\"attachment-portfolio size-portfolio wp-post-image\" alt=\"\" \/><\/a> <a class=\"title\" href=\"https:\/\/www.bakeoff.it\/es\/forni\/easy-2\/easy-6t-manual\">Easy 6T Manual<\/a><\/div><div class=\"listing-item\"><a class=\"image\" href=\"https:\/\/www.bakeoff.it\/es\/forni\/easy-2\/easy-10t-manual\"><img loading=\"lazy\" decoding=\"async\" width=\"620\" height=\"380\" src=\"https:\/\/www.bakeoff.it\/wp-content\/uploads\/2021\/03\/e_10_m-4-620x380.jpg\" class=\"attachment-portfolio size-portfolio wp-post-image\" alt=\"\" \/><\/a> <a class=\"title\" href=\"https:\/\/www.bakeoff.it\/es\/forni\/easy-2\/easy-10t-manual\">Easy 10T Manual<\/a><\/div><div class=\"listing-item\"><a class=\"image\" href=\"https:\/\/www.bakeoff.it\/es\/forni\/easy-2\/essential-4t\"><img loading=\"lazy\" decoding=\"async\" width=\"620\" height=\"380\" src=\"https:\/\/www.bakeoff.it\/wp-content\/uploads\/2025\/06\/es_4-620x380.jpg\" class=\"attachment-portfolio size-portfolio wp-post-image\" alt=\"\" \/><\/a> <a class=\"title\" href=\"https:\/\/www.bakeoff.it\/es\/forni\/easy-2\/essential-4t\">Easy 4T Essential<\/a><\/div><div class=\"listing-item\"><a class=\"image\" href=\"https:\/\/www.bakeoff.it\/es\/forni\/easy-2\/essential-6t\"><img loading=\"lazy\" decoding=\"async\" width=\"620\" height=\"380\" src=\"https:\/\/www.bakeoff.it\/wp-content\/uploads\/2025\/06\/es_6-620x380.jpg\" class=\"attachment-portfolio size-portfolio wp-post-image\" alt=\"\" \/><\/a> <a class=\"title\" href=\"https:\/\/www.bakeoff.it\/es\/forni\/easy-2\/essential-6t\">Easy 6T Essential<\/a><\/div><div class=\"listing-item\"><a class=\"image\" href=\"https:\/\/www.bakeoff.it\/es\/forni\/easy-2\/essential-10t\"><img loading=\"lazy\" decoding=\"async\" width=\"620\" height=\"380\" src=\"https:\/\/www.bakeoff.it\/wp-content\/uploads\/2025\/06\/es_10-620x380.jpg\" class=\"attachment-portfolio size-portfolio wp-post-image\" alt=\"\" \/><\/a> <a class=\"title\" href=\"https:\/\/www.bakeoff.it\/es\/forni\/easy-2\/essential-10t\">Easy 10T Essential<\/a><\/div><\/div><\/p>\n","protected":false},"excerpt":{"rendered":"<p>La tecnolog\u00eda que innova Implementar y renovar las actividades que siempre garantizan frescura, calidad y confort al consumidor m\u00e1s atento y exigente, sin alterar el local y con una inversi\u00f3n m\u00ednima. Convierte tus alimentos frescos en refinados y deliciosos productos para llevar. Con las recetas y los programas de cocina creados por nuestros chefs podr\u00e1s&hellip; <a href=\"https:\/\/www.bakeoff.it\/es\/forni\/easy-2\/essential-10t\" class=\"more-link\">Read more <span class=\"screen-reader-text\">acerca de Easy 10T Essential<\/span><\/a><\/p>\n","protected":false},"author":2,"featured_media":0,"parent":6763,"menu_order":0,"comment_status":"closed","ping_status":"closed","template":"statica-single-post.php","meta":{"_acf_changed":false,"_genesis_hide_title":false,"_genesis_hide_breadcrumbs":false,"_genesis_hide_singular_image":false,"_genesis_hide_footer_widgets":false,"_genesis_custom_body_class":"","_genesis_custom_post_class":"","_genesis_layout":"","footnotes":""},"class_list":{"0":"post-6776","1":"page","2":"type-page","3":"status-publish","5":"entry","6":"has-post-thumbnail"},"acf":[],"_links":{"self":[{"href":"https:\/\/www.bakeoff.it\/es\/wp-json\/wp\/v2\/pages\/6776","targetHints":{"allow":["GET"]}}],"collection":[{"href":"https:\/\/www.bakeoff.it\/es\/wp-json\/wp\/v2\/pages"}],"about":[{"href":"https:\/\/www.bakeoff.it\/es\/wp-json\/wp\/v2\/types\/page"}],"author":[{"embeddable":true,"href":"https:\/\/www.bakeoff.it\/es\/wp-json\/wp\/v2\/users\/2"}],"replies":[{"embeddable":true,"href":"https:\/\/www.bakeoff.it\/es\/wp-json\/wp\/v2\/comments?post=6776"}],"version-history":[{"count":0,"href":"https:\/\/www.bakeoff.it\/es\/wp-json\/wp\/v2\/pages\/6776\/revisions"}],"up":[{"embeddable":true,"href":"https:\/\/www.bakeoff.it\/es\/wp-json\/wp\/v2\/pages\/6763"}],"wp:attachment":[{"href":"https:\/\/www.bakeoff.it\/es\/wp-json\/wp\/v2\/media?parent=6776"}],"curies":[{"name":"wp","href":"https:\/\/api.w.org\/{rel}","templated":true}]}}