{"id":19841,"date":"2018-04-13T11:31:47","date_gmt":"2018-04-13T09:31:47","guid":{"rendered":"http:\/\/www.bakeoff.it\/mission"},"modified":"2021-08-25T12:02:51","modified_gmt":"2021-08-25T10:02:51","slug":"mission","status":"publish","type":"page","link":"https:\/\/www.bakeoff.it\/fr\/enterprise\/mission","title":{"rendered":"Mission"},"content":{"rendered":"<p><span>Il y a une chose que le temps ne change pas : notre aspiration \u00e0 nous am\u00e9liorer.<\/span><\/p>\n<p>Depuis plus de 30 ans, nous travaillons \u00e0 l&rsquo;am\u00e9lioration de la qualit\u00e9 de la cuisine, en veillant \u00e0 la fois aux aspects techniques et fonctionnels, dans le plein respect de nos valeurs.\nLes valeurs sur lesquelles repose notre travail au quotidien sont : innovation, qualit\u00e9, efficacit\u00e9, minutie, rigueur, \u00e9cologie, s\u00e9curit\u00e9 et responsabilit\u00e9.<\/p>\n<p>Notre objectif principal est la satisfaction maximale du client, comprise comme la capacit\u00e9 de fournir des produits et des services qui r\u00e9pondent pleinement \u00e0 leurs attentes. Tout cela en accordant la plus grande attention au respect de l&rsquo;environnement, de la sant\u00e9 et de la s\u00e9curit\u00e9 au travail.<\/p>\n<p>Notre philosophie d&rsquo;entreprise doit contribuer \u00e0 l&rsquo;atteinte des objectifs suivants :\nConcevoir et fabriquer des outils de cuisson fiables et parfaitement fonctionnels qui satisfont pleinement les besoins les plus divers de nos clients.<\/p>\n<p>Veiller au respect des normes de qualit\u00e9 des produits et services.<\/p>\n<p>Pr\u00e9venir la pollution et, en particulier, contr\u00f4ler et r\u00e9duire les \u00e9missions de gaz dans l&rsquo;environnement et les d\u00e9chets.<\/p>\n<p>Augmenter le niveau de connaissance, de comp\u00e9tence et de sensibilisation du personnel gr\u00e2ce \u00e0 une activit\u00e9 de d\u00e9veloppement technologique constante qui permet une interaction facile et intuitive avec nos produits.<\/p>\n<p>Nous aimons les d\u00e9fis et les choses qui durent dans le temps tout comme nos fours.<\/p>\n","protected":false},"excerpt":{"rendered":"<p>Il y a une chose que le temps ne change pas : notre aspiration \u00e0 nous am\u00e9liorer. Depuis plus de 30 ans, nous travaillons \u00e0 l&rsquo;am\u00e9lioration de la qualit\u00e9 de la cuisine, en veillant \u00e0 la fois aux aspects techniques et fonctionnels, dans le plein respect de nos valeurs. Les valeurs sur lesquelles repose notre&hellip; <a href=\"https:\/\/www.bakeoff.it\/fr\/enterprise\/mission\" class=\"more-link\">Read more <span class=\"screen-reader-text\">\u00e0 proposMission<\/span><\/a><\/p>\n","protected":false},"author":2,"featured_media":0,"parent":22248,"menu_order":0,"comment_status":"closed","ping_status":"closed","template":"statica-leftcol-post.php","meta":{"_acf_changed":false,"_genesis_hide_title":false,"_genesis_hide_breadcrumbs":false,"_genesis_hide_singular_image":false,"_genesis_hide_footer_widgets":false,"_genesis_custom_body_class":"","_genesis_custom_post_class":"","_genesis_layout":"sidebar-content","footnotes":""},"class_list":{"0":"post-19841","1":"page","2":"type-page","3":"status-publish","5":"entry"},"acf":[],"_links":{"self":[{"href":"https:\/\/www.bakeoff.it\/fr\/wp-json\/wp\/v2\/pages\/19841","targetHints":{"allow":["GET"]}}],"collection":[{"href":"https:\/\/www.bakeoff.it\/fr\/wp-json\/wp\/v2\/pages"}],"about":[{"href":"https:\/\/www.bakeoff.it\/fr\/wp-json\/wp\/v2\/types\/page"}],"author":[{"embeddable":true,"href":"https:\/\/www.bakeoff.it\/fr\/wp-json\/wp\/v2\/users\/2"}],"replies":[{"embeddable":true,"href":"https:\/\/www.bakeoff.it\/fr\/wp-json\/wp\/v2\/comments?post=19841"}],"version-history":[{"count":4,"href":"https:\/\/www.bakeoff.it\/fr\/wp-json\/wp\/v2\/pages\/19841\/revisions"}],"predecessor-version":[{"id":21602,"href":"https:\/\/www.bakeoff.it\/fr\/wp-json\/wp\/v2\/pages\/19841\/revisions\/21602"}],"up":[{"embeddable":true,"href":"https:\/\/www.bakeoff.it\/fr\/wp-json\/wp\/v2\/pages\/22248"}],"wp:attachment":[{"href":"https:\/\/www.bakeoff.it\/fr\/wp-json\/wp\/v2\/media?parent=19841"}],"curies":[{"name":"wp","href":"https:\/\/api.w.org\/{rel}","templated":true}]}}