{"id":19852,"date":"2018-07-02T08:26:25","date_gmt":"2018-07-02T06:26:25","guid":{"rendered":"http:\/\/www.bakeoff.it\/forni-professionali"},"modified":"2021-09-01T16:31:17","modified_gmt":"2021-09-01T14:31:17","slug":"fours-professionnels","status":"publish","type":"page","link":"https:\/\/www.bakeoff.it\/fr\/fours-professionnels","title":{"rendered":"Domaines d&rsquo;utilisation"},"content":{"rendered":"<div class=\"wrap\">\n<div class=\"front-page-2 widget-area clearfix area-utilizzo\" style=\"margin-top: 0 !important; padding-top: 0 !important;\">\n<div class=\"first one-third\">\n<h6><a href=\"forni-professionali\/forni-per-ristoranti\/\"><span class=\"icobf rest\"><\/span><span class=\"tit\">Restaurant<\/span><\/a><\/h6>\n<p>Cr\u00e9er de la qualit\u00e9, optimizer les temps et les co\u00fbts, tout cela est possible et simple tel que vous l\u2019avez toujours souhait\u00e9.<\/p>\n<\/div>\n<div class=\"one-third\">\n<h6><a href=\"forni-professionali\/forni-per-panifici\/\"><span class=\"icobf brd\"><\/span><span class=\"tit\">Boulangerie<\/span><\/a><\/h6>\n<p>Faire de l\u2019innovation tout en respectant la tradition. Ta connaissance et la technologie interactive pour un r\u00e9sultat parfait.<\/p>\n<\/div>\n<div class=\"one-third\">\n<h6><a href=\"forni-professionali\/forni-per-pasticcerie\/\"><span class=\"icobf sweet\"><\/span><span class=\"tit\">P\u00e2tisserie<\/span><\/a><\/h6>\n<p>Passion, attention, pr\u00e9cision. Pour trouver l&rsquo;\u00e9quilibre parfait parmis ingr\u00e9dients, saveurs et couleurs.<\/p>\n<\/div>\n<div class=\"first one-third\">\n<h6><a href=\"forni-professionali\/forni-per-gastronomia\/\"><span class=\"icobf gast\"><\/span><span class=\"tit\">\u00c9picerie fine<\/span><\/a><\/h6>\n<p>Assortiment, qualit\u00e9, fra\u00eecheur, tout ensemble et tout parfait pour un comptoir irr\u00e9sistible.<\/p>\n<\/div>\n<div class=\"one-third\">\n<h6><a href=\"forni-professionali\/forni-per-centri-cottura\/\"><span class=\"icobf cook\"><\/span><span class=\"tit\">Cuisine centrale<\/span><\/a><\/h6>\n<p>Grands nombres. Tout sous contr\u00f4le dans le respect des d\u00e9lais et des co\u00fbts sans sacrifier la qualit\u00e9.<\/p>\n<\/div>\n<div class=\"one-third\">\n<h6><a href=\"forni-professionali\/forni-per-macellerie-ortofrutta-pescherie\/\"><span class=\"icobf fast\"><\/span><span class=\"tit\">Boucherie et Fruits et L\u00e9gumes &amp; Poissonnerie<\/span><\/a><\/h6>\n<p>Renouveler l\u2019activit\u00e9 avec un investissement minimum pour am\u00e9liorer l\u2019offre et augmenter vos profits.<\/p>\n<\/div>\n<\/div>\n<\/div>\n","protected":false},"excerpt":{"rendered":"<p>Restaurant Cr\u00e9er de la qualit\u00e9, optimizer les temps et les co\u00fbts, tout cela est possible et simple tel que vous l\u2019avez toujours souhait\u00e9. Boulangerie Faire de l\u2019innovation tout en respectant la tradition. Ta connaissance et la technologie interactive pour un r\u00e9sultat parfait. P\u00e2tisserie Passion, attention, pr\u00e9cision. Pour trouver l&rsquo;\u00e9quilibre parfait parmis ingr\u00e9dients, saveurs et couleurs.&hellip; <a href=\"https:\/\/www.bakeoff.it\/fr\/fours-professionnels\" class=\"more-link\">Read more <span class=\"screen-reader-text\">\u00e0 proposDomaines d&rsquo;utilisation<\/span><\/a><\/p>\n","protected":false},"author":1,"featured_media":0,"parent":0,"menu_order":0,"comment_status":"closed","ping_status":"closed","template":"statica-single-post.php","meta":{"_acf_changed":false,"_genesis_hide_title":false,"_genesis_hide_breadcrumbs":false,"_genesis_hide_singular_image":false,"_genesis_hide_footer_widgets":false,"_genesis_custom_body_class":"","_genesis_custom_post_class":"","_genesis_layout":"","footnotes":""},"class_list":{"0":"post-19852","1":"page","2":"type-page","3":"status-publish","5":"entry"},"acf":[],"_links":{"self":[{"href":"https:\/\/www.bakeoff.it\/fr\/wp-json\/wp\/v2\/pages\/19852","targetHints":{"allow":["GET"]}}],"collection":[{"href":"https:\/\/www.bakeoff.it\/fr\/wp-json\/wp\/v2\/pages"}],"about":[{"href":"https:\/\/www.bakeoff.it\/fr\/wp-json\/wp\/v2\/types\/page"}],"author":[{"embeddable":true,"href":"https:\/\/www.bakeoff.it\/fr\/wp-json\/wp\/v2\/users\/1"}],"replies":[{"embeddable":true,"href":"https:\/\/www.bakeoff.it\/fr\/wp-json\/wp\/v2\/comments?post=19852"}],"version-history":[{"count":33,"href":"https:\/\/www.bakeoff.it\/fr\/wp-json\/wp\/v2\/pages\/19852\/revisions"}],"predecessor-version":[{"id":21615,"href":"https:\/\/www.bakeoff.it\/fr\/wp-json\/wp\/v2\/pages\/19852\/revisions\/21615"}],"wp:attachment":[{"href":"https:\/\/www.bakeoff.it\/fr\/wp-json\/wp\/v2\/media?parent=19852"}],"curies":[{"name":"wp","href":"https:\/\/api.w.org\/{rel}","templated":true}]}}