{"id":22084,"date":"2018-03-28T12:45:51","date_gmt":"2018-03-28T10:45:51","guid":{"rendered":"http:\/\/www.bakeoff.it\/assistenza"},"modified":"2021-09-01T16:23:45","modified_gmt":"2021-09-01T14:23:45","slug":"assistance","status":"publish","type":"page","link":"https:\/\/www.bakeoff.it\/fr\/assistance","title":{"rendered":"Assistance"},"content":{"rendered":"<p><div class=\"blocks\"><div class=\"listing-item\"><a class=\"image\" href=\"https:\/\/www.bakeoff.it\/fr\/assistance\/demande-dintervention\"><img loading=\"lazy\" decoding=\"async\" width=\"140\" height=\"140\" src=\"https:\/\/www.bakeoff.it\/wp-content\/uploads\/2018\/06\/intervento.png\" class=\"attachment-large size-large wp-post-image\" alt=\"\" \/><\/a> <a class=\"title\" href=\"https:\/\/www.bakeoff.it\/fr\/assistance\/demande-dintervention\">Demande d\u2019intervention<\/a><\/div><div class=\"listing-item\"><a class=\"image\" href=\"https:\/\/www.bakeoff.it\/fr\/assistance\/demande-de-pieces-detachees\"><img loading=\"lazy\" decoding=\"async\" width=\"140\" height=\"140\" src=\"https:\/\/www.bakeoff.it\/wp-content\/uploads\/2018\/06\/ricambi.png\" class=\"attachment-large size-large wp-post-image\" alt=\"\" \/><\/a> <a class=\"title\" href=\"https:\/\/www.bakeoff.it\/fr\/assistance\/demande-de-pieces-detachees\">Demande de pi\u00e8ces d\u00e9tach\u00e9es<\/a><\/div><div class=\"listing-item\"><a class=\"image\" href=\"https:\/\/www.bakeoff.it\/fr\/assistance\/assistance-a-la-cuisson\"><img loading=\"lazy\" decoding=\"async\" width=\"140\" height=\"140\" src=\"https:\/\/www.bakeoff.it\/wp-content\/uploads\/2018\/06\/assistenzaCotture.png\" class=\"attachment-large size-large wp-post-image\" alt=\"\" \/><\/a> <a class=\"title\" href=\"https:\/\/www.bakeoff.it\/fr\/assistance\/assistance-a-la-cuisson\">Assistance \u00e0 la cuisson<\/a><\/div><div class=\"listing-item\"><a class=\"image\" href=\"https:\/\/www.bakeoff.it\/fr\/assistance\/garantie\"><img loading=\"lazy\" decoding=\"async\" width=\"157\" height=\"140\" src=\"https:\/\/www.bakeoff.it\/wp-content\/uploads\/2018\/06\/garanzia.png\" class=\"attachment-large size-large wp-post-image\" alt=\"\" \/><\/a> <a class=\"title\" href=\"https:\/\/www.bakeoff.it\/fr\/assistance\/garantie\">Garantie<\/a><\/div><\/div><\/p>\n","protected":false},"excerpt":{"rendered":"","protected":false},"author":1,"featured_media":0,"parent":0,"menu_order":0,"comment_status":"closed","ping_status":"closed","template":"statica-single-post.php","meta":{"_acf_changed":false,"_genesis_hide_title":false,"_genesis_hide_breadcrumbs":false,"_genesis_hide_singular_image":false,"_genesis_hide_footer_widgets":false,"_genesis_custom_body_class":"","_genesis_custom_post_class":"","_genesis_layout":"","footnotes":""},"class_list":{"0":"post-22084","1":"page","2":"type-page","3":"status-publish","5":"entry","6":"has-post-thumbnail"},"acf":[],"_links":{"self":[{"href":"https:\/\/www.bakeoff.it\/fr\/wp-json\/wp\/v2\/pages\/22084","targetHints":{"allow":["GET"]}}],"collection":[{"href":"https:\/\/www.bakeoff.it\/fr\/wp-json\/wp\/v2\/pages"}],"about":[{"href":"https:\/\/www.bakeoff.it\/fr\/wp-json\/wp\/v2\/types\/page"}],"author":[{"embeddable":true,"href":"https:\/\/www.bakeoff.it\/fr\/wp-json\/wp\/v2\/users\/1"}],"replies":[{"embeddable":true,"href":"https:\/\/www.bakeoff.it\/fr\/wp-json\/wp\/v2\/comments?post=22084"}],"version-history":[{"count":1,"href":"https:\/\/www.bakeoff.it\/fr\/wp-json\/wp\/v2\/pages\/22084\/revisions"}],"predecessor-version":[{"id":22085,"href":"https:\/\/www.bakeoff.it\/fr\/wp-json\/wp\/v2\/pages\/22084\/revisions\/22085"}],"wp:attachment":[{"href":"https:\/\/www.bakeoff.it\/fr\/wp-json\/wp\/v2\/media?parent=22084"}],"curies":[{"name":"wp","href":"https:\/\/api.w.org\/{rel}","templated":true}]}}