{"id":22094,"date":"2018-04-05T11:54:52","date_gmt":"2018-04-05T09:54:52","guid":{"rendered":"http:\/\/www.bakeoff.it\/assistenza\/richiesta-ricambi"},"modified":"2021-09-01T16:24:34","modified_gmt":"2021-09-01T14:24:34","slug":"demande-de-pieces-detachees","status":"publish","type":"page","link":"https:\/\/www.bakeoff.it\/fr\/assistance\/demande-de-pieces-detachees","title":{"rendered":"Demande de pi\u00e8ces d\u00e9tach\u00e9es"},"content":{"rendered":"<p>Remplissez et soumettez le formulaire avec toutes les donn\u00e9es requises en essayant d\u2019\u00eatre plus pr\u00e9cis que possible. En utilisant le mat\u00e9riel d\u2019information \u00e0 votre disposition (manuel d\u2019utilisation et d\u2019entretien, sch\u00e9ma \u00e9lectrique, vue \u00e9clat\u00e9e, etc.), vous rendrez notre travail plus rapide et plus efficace.<\/p>\n<p>\n<div class=\"wpcf7 no-js\" id=\"wpcf7-f3986-o1\" lang=\"it-IT\" dir=\"ltr\" data-wpcf7-id=\"3986\">\n<div class=\"screen-reader-response\"><p role=\"status\" aria-live=\"polite\" aria-atomic=\"true\"><\/p> <ul><\/ul><\/div>\n<form action=\"\/fr\/wp-json\/wp\/v2\/pages\/22094#wpcf7-f3986-o1\" method=\"post\" class=\"wpcf7-form init\" aria-label=\"Modulo di contatto\" enctype=\"multipart\/form-data\" novalidate=\"novalidate\" data-status=\"init\">\n<fieldset class=\"hidden-fields-container\"><input type=\"hidden\" name=\"_wpcf7\" value=\"3986\" \/><input type=\"hidden\" name=\"_wpcf7_version\" value=\"6.1.5\" \/><input type=\"hidden\" name=\"_wpcf7_locale\" value=\"it_IT\" \/><input type=\"hidden\" name=\"_wpcf7_unit_tag\" value=\"wpcf7-f3986-o1\" \/><input type=\"hidden\" name=\"_wpcf7_container_post\" value=\"0\" \/><input type=\"hidden\" name=\"_wpcf7_posted_data_hash\" value=\"\" \/><input type=\"hidden\" name=\"_wpcf7dtx_version\" value=\"5.0.5\" \/>\n<\/fieldset>\n<div id=\"productForm\" class=\"nomt\">\n\t<h2>Customer information\n\t<\/h2>\n\t<div class=\"clearfix\">\n\t\t<div class=\"first one-half\">\n\t\t\t<div>\n\t\t\t\t<p><span class=\"wpcf7-form-control-wrap\" data-name=\"ragione-sociale\"><input size=\"40\" maxlength=\"400\" class=\"wpcf7-form-control wpcf7-text wpcf7-validates-as-required\" aria-required=\"true\" aria-invalid=\"false\" placeholder=\"Company name\" value=\"\" type=\"text\" name=\"ragione-sociale\" \/><\/span>\n\t\t\t\t<\/p>\n\t\t\t<\/div>\n\t\t\t<div>\n\t\t\t\t<p><span class=\"wpcf7-form-control-wrap\" data-name=\"indirizzo\"><input size=\"40\" maxlength=\"400\" class=\"wpcf7-form-control wpcf7-text wpcf7-validates-as-required\" aria-required=\"true\" aria-invalid=\"false\" placeholder=\"Street name\" value=\"\" type=\"text\" name=\"indirizzo\" \/><\/span>\n\t\t\t\t<\/p>\n\t\t\t<\/div>\n\t\t\t<div>\n\t\t\t\t<p><span class=\"wpcf7-form-control-wrap\" data-name=\"localita\"><input size=\"40\" maxlength=\"400\" class=\"wpcf7-form-control wpcf7-text wpcf7-validates-as-required\" aria-required=\"true\" aria-invalid=\"false\" placeholder=\"City\" value=\"\" type=\"text\" name=\"localita\" \/><\/span>\n\t\t\t\t<\/p>\n\t\t\t<\/div>\n\t\t\t<div>\n\t\t\t\t<p><span class=\"wpcf7-form-control-wrap\" data-name=\"numero-telefono-fax\"><input size=\"40\" maxlength=\"400\" class=\"wpcf7-form-control wpcf7-text wpcf7-validates-as-required\" aria-required=\"true\" aria-invalid=\"false\" placeholder=\"Telephon\/Fax number\" value=\"\" type=\"text\" name=\"numero-telefono-fax\" \/><\/span>\n\t\t\t\t<\/p>\n\t\t\t<\/div>\n\t\t<\/div>\n\t\t<div class=\"one-half\">\n\t\t\t<div class=\"formSpacer\">\n\t\t\t<\/div>\n\t\t\t<div>\n\t\t\t\t<p><span class=\"wpcf7-form-control-wrap\" data-name=\"numero\"><input size=\"40\" maxlength=\"400\" class=\"wpcf7-form-control wpcf7-text\" aria-invalid=\"false\" placeholder=\"Street number\" value=\"\" type=\"text\" name=\"numero\" \/><\/span>\n\t\t\t\t<\/p>\n\t\t\t<\/div>\n\t\t\t<div class=\"first one-half\">\n\t\t\t\t<p><span class=\"wpcf7-form-control-wrap\" data-name=\"prov\"><input size=\"40\" maxlength=\"400\" class=\"wpcf7-form-control wpcf7-text wpcf7-validates-as-required\" aria-required=\"true\" aria-invalid=\"false\" placeholder=\"Country\" value=\"\" type=\"text\" name=\"prov\" \/><\/span>\n\t\t\t\t<\/p>\n\t\t\t<\/div>\n\t\t\t<div class=\"one-half\">\n\t\t\t\t<p><span class=\"wpcf7-form-control-wrap\" data-name=\"cap\"><input size=\"40\" maxlength=\"400\" class=\"wpcf7-form-control wpcf7-text wpcf7-validates-as-required\" aria-required=\"true\" aria-invalid=\"false\" placeholder=\"Post code\" value=\"\" type=\"text\" name=\"cap\" \/><\/span>\n\t\t\t\t<\/p>\n\t\t\t<\/div>\n\t\t\t<div>\n\t\t\t\t<p><span class=\"wpcf7-form-control-wrap\" data-name=\"nominativo-contatto\"><input size=\"40\" maxlength=\"400\" class=\"wpcf7-form-control wpcf7-text wpcf7-validates-as-required\" aria-required=\"true\" aria-invalid=\"false\" placeholder=\"Reference name\" value=\"\" type=\"text\" name=\"nominativo-contatto\" \/><\/span>\n\t\t\t\t<\/p>\n\t\t\t<\/div>\n\t\t<\/div>\n\t<\/div>\n<hr class=\"small\" \/>\n\t<div class=\"first\">\n\t\t<h2>Oven information\n\t\t<\/h2>\n\t<\/div>\n\t<div class=\"first one-half\">\n\t\t<div class=\"first one-half\">\n\t\t\t<p><span class=\"wpcf7-form-control-wrap\" data-name=\"modello-forno\"><input size=\"40\" maxlength=\"400\" class=\"wpcf7-form-control wpcf7-text wpcf7-validates-as-required\" aria-required=\"true\" aria-invalid=\"false\" placeholder=\"Oven model\" value=\"\" type=\"text\" name=\"modello-forno\" \/><\/span>\n\t\t\t<\/p>\n\t\t<\/div>\n\t\t<div class=\"one-half\">\n\t\t\t<p><span class=\"wpcf7-form-control-wrap\" data-name=\"codice-forno\"><input size=\"40\" maxlength=\"400\" class=\"wpcf7-form-control wpcf7-text wpcf7-validates-as-required\" aria-required=\"true\" aria-invalid=\"false\" placeholder=\"oven code\" value=\"\" type=\"text\" name=\"codice-forno\" \/><\/span>\n\t\t\t<\/p>\n\t\t<\/div>\n\t\t<div >\n\t\t\t<p><span class=\"wpcf7-form-control-wrap\" data-name=\"email-832\"><input size=\"40\" maxlength=\"400\" class=\"wpcf7-form-control wpcf7-email wpcf7-validates-as-required wpcf7-text wpcf7-validates-as-email\" aria-required=\"true\" aria-invalid=\"false\" placeholder=\"E-mail address\" value=\"\" type=\"email\" name=\"email-832\" \/><\/span>\n\t\t\t<\/p>\n\t\t<\/div>\n\t<\/div>\n\t<div class=\"one-half\">\n\t\t<div class=\"first one-half\">\n\t\t\t<p><span class=\"wpcf7-form-control-wrap\" data-name=\"matricola-forno\"><input size=\"40\" maxlength=\"400\" class=\"wpcf7-form-control wpcf7-text wpcf7-validates-as-required\" aria-required=\"true\" aria-invalid=\"false\" placeholder=\"Oven serial number\" value=\"\" type=\"text\" name=\"matricola-forno\" \/><\/span>\n\t\t\t<\/p>\n\t\t<\/div>\n\t\t<div class=\"one-half\">\n\t\t\t<p><span class=\"wpcf7-form-control-wrap\" data-name=\"file-734\"><input size=\"40\" class=\"wpcf7-form-control wpcf7-file\" accept=\".pdf,.jpg\" aria-invalid=\"false\" type=\"file\" name=\"file-734\" \/><\/span>\n\t\t\t<\/p>\n\t\t<\/div>\n\t\t<div >\n\t\t\t<p>We will send you a copy of your request by e-mail.\n\t\t\t<\/p>\n\t\t<\/div>\n\t<\/div>\n\t<p><span class=\"wpcf7-form-control-wrap\" data-name=\"materiale-richiesto\"><textarea cols=\"40\" rows=\"5\" maxlength=\"2000\" class=\"wpcf7-form-control wpcf7-textarea\" aria-invalid=\"false\" placeholder=\"Required pieces\" name=\"materiale-richiesto\"><\/textarea><\/span>\n\t<\/p>\n\t<p><span class=\"wpcf7-form-control-wrap\" data-name=\"accetto\"><span class=\"wpcf7-form-control wpcf7-acceptance\"><span class=\"wpcf7-list-item\"><label><input type=\"checkbox\" name=\"accetto\" value=\"1\" aria-invalid=\"false\" \/><span class=\"wpcf7-list-item-label\">I accept privacy policy conditions.<\/span><\/label><\/span><\/span><\/span>\n\t<\/p>\n\t<div class=\"wpcf7-inline-field\">\n\t\t<p><input class=\"wpcf7-form-control wpcf7-submit has-spinner btn btn-accent btn-circle\" type=\"submit\" value=\"Request spare parts\" \/>\n\t\t<\/p>\n\t<\/div>\n\t<h4>Sales Conditions\n\t<\/h4>\n\t<ol>\n\t\t<li>\n\t\t\t<p>Ex works delivery.\n\t\t\t<\/p>\n\t\t<\/li>\n\t\t<li>\n\t\t\t<p>Minimum order: 100 Euros (for smaller amounts there will be a 20 Euro order handling charge).\n\t\t\t<\/p>\n\t\t<\/li>\n\t\t<li>\n\t\t\t<p>Cash ondelivery payment for amounts lower than 500 Euros.\n\t\t\t<\/p>\n\t\t<\/li>\n\t<\/ol>\n<\/div><div class=\"wpcf7-response-output\" aria-hidden=\"true\"><\/div>\n<\/form>\n<\/div>\n<\/p>\n","protected":false},"excerpt":{"rendered":"<p>Remplissez et soumettez le formulaire avec toutes les donn\u00e9es requises en essayant d\u2019\u00eatre plus pr\u00e9cis que possible. En utilisant le mat\u00e9riel d\u2019information \u00e0 votre disposition (manuel d\u2019utilisation et d\u2019entretien, sch\u00e9ma \u00e9lectrique, vue \u00e9clat\u00e9e, etc.), vous rendrez notre travail plus rapide et plus efficace.<\/p>\n","protected":false},"author":2,"featured_media":4803,"parent":22084,"menu_order":0,"comment_status":"closed","ping_status":"closed","template":"statica-leftcol-post.php","meta":{"_acf_changed":false,"_genesis_hide_title":false,"_genesis_hide_breadcrumbs":false,"_genesis_hide_singular_image":false,"_genesis_hide_footer_widgets":false,"_genesis_custom_body_class":"","_genesis_custom_post_class":"","_genesis_layout":"sidebar-content","footnotes":""},"class_list":{"0":"post-22094","1":"page","2":"type-page","3":"status-publish","4":"has-post-thumbnail","6":"entry"},"acf":[],"_links":{"self":[{"href":"https:\/\/www.bakeoff.it\/fr\/wp-json\/wp\/v2\/pages\/22094","targetHints":{"allow":["GET"]}}],"collection":[{"href":"https:\/\/www.bakeoff.it\/fr\/wp-json\/wp\/v2\/pages"}],"about":[{"href":"https:\/\/www.bakeoff.it\/fr\/wp-json\/wp\/v2\/types\/page"}],"author":[{"embeddable":true,"href":"https:\/\/www.bakeoff.it\/fr\/wp-json\/wp\/v2\/users\/2"}],"replies":[{"embeddable":true,"href":"https:\/\/www.bakeoff.it\/fr\/wp-json\/wp\/v2\/comments?post=22094"}],"version-history":[{"count":1,"href":"https:\/\/www.bakeoff.it\/fr\/wp-json\/wp\/v2\/pages\/22094\/revisions"}],"predecessor-version":[{"id":22098,"href":"https:\/\/www.bakeoff.it\/fr\/wp-json\/wp\/v2\/pages\/22094\/revisions\/22098"}],"up":[{"embeddable":true,"href":"https:\/\/www.bakeoff.it\/fr\/wp-json\/wp\/v2\/pages\/22084"}],"wp:featuredmedia":[{"embeddable":true,"href":"https:\/\/www.bakeoff.it\/fr\/wp-json\/wp\/v2\/media\/4803"}],"wp:attachment":[{"href":"https:\/\/www.bakeoff.it\/fr\/wp-json\/wp\/v2\/media?parent=22094"}],"curies":[{"name":"wp","href":"https:\/\/api.w.org\/{rel}","templated":true}]}}