{"id":22133,"date":"2018-03-01T16:10:37","date_gmt":"2018-03-01T15:10:37","guid":{"rendered":"http:\/\/www.bakeoff.it\/forni-professionali\/forni-per-gastronomia"},"modified":"2021-09-01T12:06:25","modified_gmt":"2021-09-01T10:06:25","slug":"fours-pour-epiceries-fines","status":"publish","type":"page","link":"https:\/\/www.bakeoff.it\/fr\/fours-professionnels\/fours-pour-epiceries-fines","title":{"rendered":"Fours pour \u00e9piceries fines"},"content":{"rendered":"<p><div id=\"slide_impieghi\" class=\"owl-carousel\">\r\n    <div><a href=\"forni-per-ristoranti\/\"><span class=\"icobf rest \"><\/span><h6>Restaurant<\/h6><\/a><\/div>\r\n    <div><a href=\"forni-per-panifici\/\"><span class=\"icobf brd \"><\/span><h6>Boulangerie<\/h6><\/a><\/div>\r\n    <div><a href=\"forni-per-pasticcerie\/\"><span class=\"icobf sweet \"><\/span><h6>P\u00e2tisserie<\/h6><\/a><\/div>\r\n    <div><a href=\"forni-per-gastronomia\/\"><span class=\"icobf gast on\"><\/span><h6>Gastronomie<\/h6><\/a><\/div>\r\n    <div><a href=\"forni-per-centri-cottura\/\"><span class=\"icobf cook \"><\/span><h6>Laboratoire de cuisine<\/h6><\/a><\/div>\r\n    <div><a href=\"forni-per-macellerie-ortofrutta-pescherie\/\"><span class=\"icobf fast \"><\/span><h6>Boucherie \u00c9picerie & Poissonerie<\/h6><\/a><\/div>\r\n    <\/div>\r\n    <div class=\"centerh5\"><h5>Autres domaines d'utilisation<\/h5><\/div><\/p>\n<div class=\"clearfix trecolonne\">\n<div class=\"first one-third\">\n\t\t<img loading=\"lazy\" decoding=\"async\" src=\"\/wp-content\/uploads\/2018\/06\/forni-per-rosticcerie.jpg\" alt=\"\" width=\"712\" height=\"475\"><\/div>\n<div class=\"two-thirds \">\n<h2>La technologie qui simplifie<\/h2>\n<div>\n<p>R\u00e9aliser simultan\u00e9ment diff\u00e9rents produits en utilisant un seul \u00e9quipement vous permet de pr\u00e9parer un comptoir parfaitement assorti en tr\u00e8s peu de temps.<\/p>\n<p>Vous pouvez griller, r\u00f4tir, frire, mijoter, gratiner, cuire \u00e0 la vapeur et sous vide, cuire la nuit et \u00e0 basse temp\u00e9rature sans avoir besoin de votre pr\u00e9sence, le tout avec votre GOURMET et tout cela avec la simplicit\u00e9 de la platine de commande VISION, claire et intuitive.<\/p>\n<p>Un seul outil fiable et pr\u00e9cis, si polyvalent qu\u2019il remplace pratiquement tous les vieux appareils tels que les casseroles, les friteuses et les grilles, les cuiseurs \u00e0 vapeur et les micro-ondes.<\/p>\n<p>Et avec un syst\u00e8me de lavage automatique qui garantit une propret\u00e9 et une hygi\u00e8ne absolues sans effort.<\/p>\n<p>\u00c9conomies d\u2019espace, d\u2019\u00e9nergie et de temps, s\u00e9curit\u00e9 des r\u00e9sultats et tra\u00e7abilit\u00e9 des processus avec le syst\u00e8me de visualisation, d\u2019exportation et d\u2019impression des donn\u00e9es HACCP.<\/p>\n<\/div>\n<\/div>\n<\/div>\n<hr class=\"small\">\n<div class=\"clearfix\">\n<div class=\"first two-thirds\">\n<h2>Ligne Gourmet<\/h2>\n<p>Le tout en un, sans compromis.<\/p>\n<h4 style=\"font-size: 22px; margin-top: 15px; margin-bottom: 15px;\">\u00c9quipement fourni<\/h4>\n<ul class=\"bf2col\">\n<li>Cuisson \u00e0 convection (temp\u00e9rature de 70\u00b0 \u00e0 270\u00b0).<\/li>\n<li>Cuisson \u00e0 la vapeur (temp\u00e9rature de 40\u00b0 \u00e0 130\u00b0 avec BestSteam 100%).<\/li>\n<li>Cuisson \u00e0 convection et vapeur (temp\u00e9rature de 70\u00b0 \u00e0 270\u00b0 avec BestSteam de 20% \u00e0 60%).<\/li>\n<li>Cuisson \u00e0 convection et air sec (temp\u00e9rature de 70\u00b0 \u00e0 270\u00b0 avec BestDry de 10% \u00e0 100%).<\/li>\n<li>Cuisson avec sonde au c\u0153ur.<\/li>\n<li>Cuisson sous vide avec sonde au c\u0153ur.<\/li>\n<li>Cuisson avec sonde au c\u0153ur et \u0394T.<\/li>\n<li>Pr\u00e9chauffage r\u00e9glable par l\u2019utilisateur jusqu\u2019\u00e0 270\u00b0.<\/li>\n<li>Affichage de l\u2019\u00e9tat d\u2019avancement de la cuisson et du temps restant.<\/li>\n<li>Affichage altern\u00e9 des param\u00e8tres r\u00e9gl\u00e9s et des param\u00e8tres r\u00e9els (temps\/temp\u00e9rature chambre et sonde\/vitesse ventilateur\/vapeur ou sec).<\/li>\n<li>Cuisson avec MultiTimer \u2013 cuire des produits diff\u00e9rents \u00e0 des moments diff\u00e9rents, \u00e0 la m\u00eame temp\u00e9rature et avec le m\u00eame r\u00e9glage vapeur\/sec.<\/li>\n<li>Cuisson avec MultiStep pour diviser la cuisson en plusieurs \u00e9tapes (maximum 5 \u00e9tapes).<\/li>\n<li>Cuisson avec MultiStep pour diviser la cuisson en diff\u00e9rentes \u00e9tapes (jusqu\u2019\u00e0 10 \u00e9tapes).<\/li>\n<li>Affichage des donn\u00e9es HACCP.<\/li>\n<li>Exportation et impression de donn\u00e9es HACCP.<\/li>\n<li>Porte r\u00e9versible avec ouverture droite\/gauche.<\/li>\n<li>Syst\u00e8me de lavage automatique avec 4 niveaux d\u2019intensit\u00e9 diff\u00e9rents + rin\u00e7age rapide.<\/li>\n<li>D\u00e9marrage diff\u00e9r\u00e9 \/d\u00e9marrage automatique \u00e0 une heure pr\u00e9d\u00e9termin\u00e9e avec ou sans pr\u00e9chauffage.<\/li>\n<\/ul>\n<\/div>\n<div class=\"one-third\"><img decoding=\"async\" src=\"\/wp-content\/uploads\/2018\/04\/forno-professionale-bestfor-1021.jpg\" alt=\"\"><\/div>\n<\/div>\n<hr class=\"small\">\n<h3 class=\"rosso\">Les lignes id\u00e9ales pour ces activit\u00e9s<\/h3>\n<h4>Ligne Gourmet<\/h4>\n<p><div class=\"owl-carousel bf\"><div class=\"listing-item\"><a class=\"image\" href=\"https:\/\/www.bakeoff.it\/fr\/forni\/gourmet\/gourmet-5t-gn2-3-classic\"><img loading=\"lazy\" decoding=\"async\" width=\"620\" height=\"380\" src=\"https:\/\/www.bakeoff.it\/wp-content\/uploads\/2021\/03\/g_523_c-620x380.jpg\" class=\"attachment-portfolio size-portfolio wp-post-image\" alt=\"\" \/><\/a> <a class=\"title\" href=\"https:\/\/www.bakeoff.it\/fr\/forni\/gourmet\/gourmet-5t-gn2-3-classic\">Gourmet 5T GN2\/3 Classic<\/a><\/div><div class=\"listing-item\"><a class=\"image\" href=\"https:\/\/www.bakeoff.it\/fr\/forni\/gourmet\/slim-5t-classic\"><img loading=\"lazy\" decoding=\"async\" width=\"620\" height=\"380\" src=\"https:\/\/www.bakeoff.it\/wp-content\/uploads\/2021\/03\/g_slim_c-4-620x380.jpg\" class=\"attachment-portfolio size-portfolio wp-post-image\" alt=\"\" \/><\/a> <a class=\"title\" href=\"https:\/\/www.bakeoff.it\/fr\/forni\/gourmet\/slim-5t-classic\">Slim 5T Classic<\/a><\/div><div class=\"listing-item\"><a class=\"image\" href=\"https:\/\/www.bakeoff.it\/fr\/forni\/gourmet\/gourmet-5t-classic\"><img loading=\"lazy\" decoding=\"async\" width=\"620\" height=\"380\" src=\"https:\/\/www.bakeoff.it\/wp-content\/uploads\/2021\/03\/g_511_c-4-620x380.jpg\" class=\"attachment-portfolio size-portfolio wp-post-image\" alt=\"\" \/><\/a> <a class=\"title\" href=\"https:\/\/www.bakeoff.it\/fr\/forni\/gourmet\/gourmet-5t-classic\">Gourmet 5T Classic<\/a><\/div><div class=\"listing-item\"><a class=\"image\" href=\"https:\/\/www.bakeoff.it\/fr\/forni\/gourmet\/gourmet-10t-classic\"><img loading=\"lazy\" decoding=\"async\" width=\"620\" height=\"380\" src=\"https:\/\/www.bakeoff.it\/wp-content\/uploads\/2021\/03\/g_1011_c-4-620x380.jpg\" class=\"attachment-portfolio size-portfolio wp-post-image\" alt=\"\" \/><\/a> <a class=\"title\" href=\"https:\/\/www.bakeoff.it\/fr\/forni\/gourmet\/gourmet-10t-classic\">Gourmet 10T Classic<\/a><\/div><div class=\"listing-item\"><a class=\"image\" href=\"https:\/\/www.bakeoff.it\/fr\/forni\/gourmet\/gourmet-6t-gn2-1-classic\"><img loading=\"lazy\" decoding=\"async\" width=\"620\" height=\"380\" src=\"https:\/\/www.bakeoff.it\/wp-content\/uploads\/2021\/03\/g_621_c-4-620x380.jpg\" class=\"attachment-portfolio size-portfolio wp-post-image\" alt=\"\" \/><\/a> <a class=\"title\" href=\"https:\/\/www.bakeoff.it\/fr\/forni\/gourmet\/gourmet-6t-gn2-1-classic\">Gourmet 6T GN2\/1 Classic<\/a><\/div><div class=\"listing-item\"><a class=\"image\" href=\"https:\/\/www.bakeoff.it\/fr\/forni\/gourmet\/gourmet-10t-gn2-1-classic\"><img loading=\"lazy\" decoding=\"async\" width=\"620\" height=\"380\" src=\"https:\/\/www.bakeoff.it\/wp-content\/uploads\/2021\/03\/g_1021_c-620x380.jpg\" class=\"attachment-portfolio size-portfolio wp-post-image\" alt=\"\" \/><\/a> <a class=\"title\" href=\"https:\/\/www.bakeoff.it\/fr\/forni\/gourmet\/gourmet-10t-gn2-1-classic\">Gourmet 10T GN2\/1 Classic<\/a><\/div><div class=\"listing-item\"><a class=\"image\" href=\"https:\/\/www.bakeoff.it\/fr\/forni\/gourmet\/rack-20t-classic\"><img loading=\"lazy\" decoding=\"async\" width=\"620\" height=\"380\" src=\"https:\/\/www.bakeoff.it\/wp-content\/uploads\/2020\/06\/rack-ok-620x380.jpg\" class=\"attachment-portfolio size-portfolio wp-post-image\" alt=\"\" \/><\/a> <a class=\"title\" href=\"https:\/\/www.bakeoff.it\/fr\/forni\/gourmet\/rack-20t-classic\">Rack 20T Classic<\/a><\/div><div class=\"listing-item\"><a class=\"image\" href=\"https:\/\/www.bakeoff.it\/fr\/forni\/gourmet\/gourmet-5t-gn2-3-master-pro\"><img loading=\"lazy\" decoding=\"async\" width=\"620\" height=\"380\" src=\"https:\/\/www.bakeoff.it\/wp-content\/uploads\/2022\/11\/926004280-620x380.jpg\" class=\"attachment-portfolio size-portfolio wp-post-image\" alt=\"\" \/><\/a> <a class=\"title\" href=\"https:\/\/www.bakeoff.it\/fr\/forni\/gourmet\/gourmet-5t-gn2-3-master-pro\">Gourmet 5T GN2\/3 Master Pro<\/a><\/div><div class=\"listing-item\"><a class=\"image\" href=\"https:\/\/www.bakeoff.it\/fr\/forni\/gourmet\/gourmet-5t-slim-master-pro\"><img loading=\"lazy\" decoding=\"async\" width=\"620\" height=\"380\" src=\"https:\/\/www.bakeoff.it\/wp-content\/uploads\/2022\/11\/926004830-620x380.jpg\" class=\"attachment-portfolio size-portfolio wp-post-image\" alt=\"\" \/><\/a> <a class=\"title\" href=\"https:\/\/www.bakeoff.it\/fr\/forni\/gourmet\/gourmet-5t-slim-master-pro\">Gourmet 5T Slim Master Pro<\/a><\/div><div class=\"listing-item\"><a class=\"image\" href=\"https:\/\/www.bakeoff.it\/fr\/forni\/gourmet\/gourmet-5t-master-pro\"><img loading=\"lazy\" decoding=\"async\" width=\"620\" height=\"380\" src=\"https:\/\/www.bakeoff.it\/wp-content\/uploads\/2022\/11\/926004630-620x380.jpg\" class=\"attachment-portfolio size-portfolio wp-post-image\" alt=\"\" \/><\/a> <a class=\"title\" href=\"https:\/\/www.bakeoff.it\/fr\/forni\/gourmet\/gourmet-5t-master-pro\">Gourmet 5T Master Pro<\/a><\/div><div class=\"listing-item\"><a class=\"image\" href=\"https:\/\/www.bakeoff.it\/fr\/forni\/gourmet\/gourmet-10t-master-pro\"><img loading=\"lazy\" decoding=\"async\" width=\"620\" height=\"380\" src=\"https:\/\/www.bakeoff.it\/wp-content\/uploads\/2022\/11\/926007630-620x380.jpg\" class=\"attachment-portfolio size-portfolio wp-post-image\" alt=\"\" \/><\/a> <a class=\"title\" href=\"https:\/\/www.bakeoff.it\/fr\/forni\/gourmet\/gourmet-10t-master-pro\">Gourmet 10T Master Pro<\/a><\/div><div class=\"listing-item\"><a class=\"image\" href=\"https:\/\/www.bakeoff.it\/fr\/forni\/gourmet\/gourmet-6t-gn2-1-master-pro\"><img loading=\"lazy\" decoding=\"async\" width=\"620\" height=\"380\" src=\"https:\/\/www.bakeoff.it\/wp-content\/uploads\/2022\/11\/926013230-620x380.jpg\" class=\"attachment-portfolio size-portfolio wp-post-image\" alt=\"\" \/><\/a> <a class=\"title\" href=\"https:\/\/www.bakeoff.it\/fr\/forni\/gourmet\/gourmet-6t-gn2-1-master-pro\">Gourmet 6T GN2\/1 Master Pro<\/a><\/div><div class=\"listing-item\"><a class=\"image\" href=\"https:\/\/www.bakeoff.it\/fr\/forni\/gourmet\/gourmet-10t-gn2-1-master-pro\"><img loading=\"lazy\" decoding=\"async\" width=\"620\" height=\"380\" src=\"https:\/\/www.bakeoff.it\/wp-content\/uploads\/2022\/11\/926013630-620x380.jpg\" class=\"attachment-portfolio size-portfolio wp-post-image\" alt=\"\" \/><\/a> <a class=\"title\" href=\"https:\/\/www.bakeoff.it\/fr\/forni\/gourmet\/gourmet-10t-gn2-1-master-pro\">Gourmet 10T GN2\/1 Master Pro<\/a><\/div><div class=\"listing-item\"><a class=\"image\" href=\"https:\/\/www.bakeoff.it\/fr\/forni\/gourmet\/rack-20t-master-pro\"><img loading=\"lazy\" decoding=\"async\" width=\"620\" height=\"380\" src=\"https:\/\/www.bakeoff.it\/wp-content\/uploads\/2020\/06\/rack-masterproOK-620x380.jpg\" class=\"attachment-portfolio size-portfolio wp-post-image\" alt=\"\" \/><\/a> <a class=\"title\" href=\"https:\/\/www.bakeoff.it\/fr\/forni\/gourmet\/rack-20t-master-pro\">Rack 20T Master Pro<\/a><\/div><div class=\"listing-item\"><a class=\"image\" href=\"https:\/\/www.bakeoff.it\/fr\/forni\/gourmet\/bistrot-7t-classic\"><img loading=\"lazy\" decoding=\"async\" width=\"620\" height=\"380\" src=\"https:\/\/www.bakeoff.it\/wp-content\/uploads\/2025\/06\/g_765_c-620x380.jpg\" class=\"attachment-portfolio size-portfolio wp-post-image\" alt=\"\" \/><\/a> <a class=\"title\" href=\"https:\/\/www.bakeoff.it\/fr\/forni\/gourmet\/bistrot-7t-classic\">Gourmet 7T-L Classic<\/a><\/div><div class=\"listing-item\"><a class=\"image\" href=\"https:\/\/www.bakeoff.it\/fr\/forni\/gourmet\/gourmet-7t-master-pro\"><img loading=\"lazy\" decoding=\"async\" width=\"620\" height=\"380\" src=\"https:\/\/www.bakeoff.it\/wp-content\/uploads\/2025\/06\/g_765_mp-620x380.jpg\" class=\"attachment-portfolio size-portfolio wp-post-image\" alt=\"\" \/><\/a> <a class=\"title\" href=\"https:\/\/www.bakeoff.it\/fr\/forni\/gourmet\/gourmet-7t-master-pro\">Gourmet 7T-L Master Pro<\/a><\/div><div class=\"listing-item\"><a class=\"image\" href=\"https:\/\/www.bakeoff.it\/fr\/forni\/gourmet\/gourmet-12t-classic\"><img loading=\"lazy\" decoding=\"async\" width=\"620\" height=\"380\" src=\"https:\/\/www.bakeoff.it\/wp-content\/uploads\/2025\/06\/g_1265_c-620x380.jpg\" class=\"attachment-portfolio size-portfolio wp-post-image\" alt=\"\" \/><\/a> <a class=\"title\" href=\"https:\/\/www.bakeoff.it\/fr\/forni\/gourmet\/gourmet-12t-classic\">Gourmet 12T-L Classic<\/a><\/div><div class=\"listing-item\"><a class=\"image\" href=\"https:\/\/www.bakeoff.it\/fr\/forni\/gourmet\/gourmet-12t-master-pro\"><img loading=\"lazy\" decoding=\"async\" width=\"620\" height=\"380\" src=\"https:\/\/www.bakeoff.it\/wp-content\/uploads\/2025\/06\/g_1265_mp-620x380.jpg\" class=\"attachment-portfolio size-portfolio wp-post-image\" alt=\"\" \/><\/a> <a class=\"title\" href=\"https:\/\/www.bakeoff.it\/fr\/forni\/gourmet\/gourmet-12t-master-pro\">Gourmet 12T-L Master Pro<\/a><\/div><div class=\"listing-item\"><a class=\"image\" href=\"https:\/\/www.bakeoff.it\/fr\/forni\/gourmet\/gourmet-19t-classic\"><img loading=\"lazy\" decoding=\"async\" width=\"620\" height=\"380\" src=\"https:\/\/www.bakeoff.it\/wp-content\/uploads\/2020\/06\/rack-ok-620x380.jpg\" class=\"attachment-portfolio size-portfolio wp-post-image\" alt=\"\" \/><\/a> <a class=\"title\" href=\"https:\/\/www.bakeoff.it\/fr\/forni\/gourmet\/gourmet-19t-classic\">Gourmet 19T Classic<\/a><\/div><div class=\"listing-item\"><a class=\"image\" href=\"https:\/\/www.bakeoff.it\/fr\/forni\/gourmet\/gourmet-19t-master-pro\"><img loading=\"lazy\" decoding=\"async\" width=\"620\" height=\"380\" src=\"https:\/\/www.bakeoff.it\/wp-content\/uploads\/2020\/06\/rack-masterproOK-620x380.jpg\" class=\"attachment-portfolio size-portfolio wp-post-image\" alt=\"\" \/><\/a> <a class=\"title\" href=\"https:\/\/www.bakeoff.it\/fr\/forni\/gourmet\/gourmet-19t-master-pro\">Gourmet 19T Master Pro<\/a><\/div><\/div><\/p>\n<h4>Ligne Easy<\/h4>\n<p><div class=\"owl-carousel bf\"><div class=\"listing-item\"><a class=\"image\" href=\"https:\/\/www.bakeoff.it\/fr\/forni\/easy-2\/easy-4t-manual\"><img loading=\"lazy\" decoding=\"async\" width=\"620\" height=\"380\" src=\"https:\/\/www.bakeoff.it\/wp-content\/uploads\/2021\/03\/e_4_m-4-620x380.jpg\" class=\"attachment-portfolio size-portfolio wp-post-image\" alt=\"\" \/><\/a> <a class=\"title\" href=\"https:\/\/www.bakeoff.it\/fr\/forni\/easy-2\/easy-4t-manual\">Easy 4T Manual<\/a><\/div><div class=\"listing-item\"><a class=\"image\" href=\"https:\/\/www.bakeoff.it\/fr\/forni\/easy-2\/easy-6t-manual\"><img loading=\"lazy\" decoding=\"async\" width=\"620\" height=\"380\" src=\"https:\/\/www.bakeoff.it\/wp-content\/uploads\/2021\/03\/e_6_m-4-620x380.jpg\" class=\"attachment-portfolio size-portfolio wp-post-image\" alt=\"\" \/><\/a> <a class=\"title\" href=\"https:\/\/www.bakeoff.it\/fr\/forni\/easy-2\/easy-6t-manual\">Easy 6T Manual<\/a><\/div><div class=\"listing-item\"><a class=\"image\" href=\"https:\/\/www.bakeoff.it\/fr\/forni\/easy-2\/easy-10t-manual\"><img loading=\"lazy\" decoding=\"async\" width=\"620\" height=\"380\" src=\"https:\/\/www.bakeoff.it\/wp-content\/uploads\/2021\/03\/e_10_m-4-620x380.jpg\" class=\"attachment-portfolio size-portfolio wp-post-image\" alt=\"\" \/><\/a> <a class=\"title\" href=\"https:\/\/www.bakeoff.it\/fr\/forni\/easy-2\/easy-10t-manual\">Easy 10T Manual<\/a><\/div><div class=\"listing-item\"><a class=\"image\" href=\"https:\/\/www.bakeoff.it\/fr\/forni\/easy-2\/essential-4t\"><img loading=\"lazy\" decoding=\"async\" width=\"620\" height=\"380\" src=\"https:\/\/www.bakeoff.it\/wp-content\/uploads\/2025\/06\/es_4-620x380.jpg\" class=\"attachment-portfolio size-portfolio wp-post-image\" alt=\"\" \/><\/a> <a class=\"title\" href=\"https:\/\/www.bakeoff.it\/fr\/forni\/easy-2\/essential-4t\">Easy 4T Essential<\/a><\/div><div class=\"listing-item\"><a class=\"image\" href=\"https:\/\/www.bakeoff.it\/fr\/forni\/easy-2\/essential-6t\"><img loading=\"lazy\" decoding=\"async\" width=\"620\" height=\"380\" src=\"https:\/\/www.bakeoff.it\/wp-content\/uploads\/2025\/06\/es_6-620x380.jpg\" class=\"attachment-portfolio size-portfolio wp-post-image\" alt=\"\" \/><\/a> <a class=\"title\" href=\"https:\/\/www.bakeoff.it\/fr\/forni\/easy-2\/essential-6t\">Easy 6T Essential<\/a><\/div><div class=\"listing-item\"><a class=\"image\" href=\"https:\/\/www.bakeoff.it\/fr\/forni\/easy-2\/essential-10t\"><img loading=\"lazy\" decoding=\"async\" width=\"620\" height=\"380\" src=\"https:\/\/www.bakeoff.it\/wp-content\/uploads\/2025\/06\/es_10-620x380.jpg\" class=\"attachment-portfolio size-portfolio wp-post-image\" alt=\"\" \/><\/a> <a class=\"title\" href=\"https:\/\/www.bakeoff.it\/fr\/forni\/easy-2\/essential-10t\">Easy 10T Essential<\/a><\/div><\/div><\/p>\n","protected":false},"excerpt":{"rendered":"<p>La technologie qui simplifie R\u00e9aliser simultan\u00e9ment diff\u00e9rents produits en utilisant un seul \u00e9quipement vous permet de pr\u00e9parer un comptoir parfaitement assorti en tr\u00e8s peu de temps. Vous pouvez griller, r\u00f4tir, frire, mijoter, gratiner, cuire \u00e0 la vapeur et sous vide, cuire la nuit et \u00e0 basse temp\u00e9rature sans avoir besoin de votre pr\u00e9sence, le tout&hellip; <a href=\"https:\/\/www.bakeoff.it\/fr\/forni\/easy-2\/essential-10t\" class=\"more-link\">Read more <span class=\"screen-reader-text\">\u00e0 proposEasy 10T Essential<\/span><\/a><\/p>\n","protected":false},"author":2,"featured_media":0,"parent":19852,"menu_order":0,"comment_status":"closed","ping_status":"closed","template":"statica-single-post.php","meta":{"_acf_changed":false,"_genesis_hide_title":false,"_genesis_hide_breadcrumbs":false,"_genesis_hide_singular_image":false,"_genesis_hide_footer_widgets":false,"_genesis_custom_body_class":"","_genesis_custom_post_class":"","_genesis_layout":"","footnotes":""},"class_list":{"0":"post-22133","1":"page","2":"type-page","3":"status-publish","5":"entry","6":"has-post-thumbnail"},"acf":[],"_links":{"self":[{"href":"https:\/\/www.bakeoff.it\/fr\/wp-json\/wp\/v2\/pages\/22133","targetHints":{"allow":["GET"]}}],"collection":[{"href":"https:\/\/www.bakeoff.it\/fr\/wp-json\/wp\/v2\/pages"}],"about":[{"href":"https:\/\/www.bakeoff.it\/fr\/wp-json\/wp\/v2\/types\/page"}],"author":[{"embeddable":true,"href":"https:\/\/www.bakeoff.it\/fr\/wp-json\/wp\/v2\/users\/2"}],"replies":[{"embeddable":true,"href":"https:\/\/www.bakeoff.it\/fr\/wp-json\/wp\/v2\/comments?post=22133"}],"version-history":[{"count":2,"href":"https:\/\/www.bakeoff.it\/fr\/wp-json\/wp\/v2\/pages\/22133\/revisions"}],"predecessor-version":[{"id":22135,"href":"https:\/\/www.bakeoff.it\/fr\/wp-json\/wp\/v2\/pages\/22133\/revisions\/22135"}],"up":[{"embeddable":true,"href":"https:\/\/www.bakeoff.it\/fr\/wp-json\/wp\/v2\/pages\/19852"}],"wp:attachment":[{"href":"https:\/\/www.bakeoff.it\/fr\/wp-json\/wp\/v2\/media?parent=22133"}],"curies":[{"name":"wp","href":"https:\/\/api.w.org\/{rel}","templated":true}]}}