{"id":22137,"date":"2018-03-02T12:49:38","date_gmt":"2018-03-02T11:49:38","guid":{"rendered":"http:\/\/www.bakeoff.it\/forni-professionali\/forni-per-centri-cottura"},"modified":"2021-09-01T12:12:59","modified_gmt":"2021-09-01T10:12:59","slug":"fours-pour-cuisines-centrales","status":"publish","type":"page","link":"https:\/\/www.bakeoff.it\/fr\/fours-professionnels\/fours-pour-cuisines-centrales","title":{"rendered":"Fours pour cuisines centrales"},"content":{"rendered":"<p><div id=\"slide_impieghi\" class=\"owl-carousel\">\r\n    <div><a href=\"forni-per-ristoranti\/\"><span class=\"icobf rest \"><\/span><h6>Restaurant<\/h6><\/a><\/div>\r\n    <div><a href=\"forni-per-panifici\/\"><span class=\"icobf brd \"><\/span><h6>Boulangerie<\/h6><\/a><\/div>\r\n    <div><a href=\"forni-per-pasticcerie\/\"><span class=\"icobf sweet \"><\/span><h6>P\u00e2tisserie<\/h6><\/a><\/div>\r\n    <div><a href=\"forni-per-gastronomia\/\"><span class=\"icobf gast \"><\/span><h6>Gastronomie<\/h6><\/a><\/div>\r\n    <div><a href=\"forni-per-centri-cottura\/\"><span class=\"icobf cook on\"><\/span><h6>Laboratoire de cuisine<\/h6><\/a><\/div>\r\n    <div><a href=\"forni-per-macellerie-ortofrutta-pescherie\/\"><span class=\"icobf fast \"><\/span><h6>Boucherie \u00c9picerie & Poissonerie<\/h6><\/a><\/div>\r\n    <\/div>\r\n    <div class=\"centerh5\"><h5>Autres domaines d'utilisation<\/h5><\/div><\/p>\n<div class=\"clearfix trecolonne\">\n<div class=\"first one-third\">\n\t\t<img loading=\"lazy\" decoding=\"async\" src=\"\/wp-content\/uploads\/2018\/04\/img-forni-per-centri-cottura.jpg\" alt=\"\" width=\"712\" height=\"475\"><\/div>\n<div class=\"two-thirds \">\n<h2>La technologie performante<\/h2>\n<div>\n<p>Les cantines d\u2019entreprise, les \u00e9coles, les h\u00f4pitaux et les grandes cuisines ont besoin d\u2019un contr\u00f4le, y compris \u00e0 distance, de la s\u00e9curit\u00e9 de l\u2019environnement de travail, du respect des proc\u00e9dures et des normes HACCP.<\/p>\n<p>Bien entendu, en respectant \u00e9galement les d\u00e9lais et les budgets. Tout cela est possible avec votre GOURMET qui, gr\u00e2ce \u00e0 ses syst\u00e8mes de contr\u00f4le avanc\u00e9s, garantit des r\u00e9sultats optimaux et constants, m\u00eame \u00e0 pleine charge et avec des cycles de travail forc\u00e9s.<\/p>\n<p>La simplicit\u00e9 d\u2019importation des recettes et des programmes de cuisson, combin\u00e9e \u00e0 la capacit\u00e9 de correction des possibles erreurs de l\u2019op\u00e9rateur, assure un r\u00e9sultat optimal et constant.<\/p>\n<p>La qualit\u00e9 et la saveur des aliments pr\u00e9par\u00e9s sont pr\u00e9serv\u00e9es, tout fonctionne simplement, en toute s\u00e9curit\u00e9 et toujours sous contr\u00f4le.<\/p>\n<\/div>\n<\/div>\n<\/div>\n<hr class=\"small\">\n<div class=\"clearfix\">\n<div class=\"first two-thirds\">\n<h2>Ligne Gourmet<\/h2>\n<p>Tant de travail, pas de surprise.<\/p>\n<h4 style=\"font-size: 22px; margin-top: 15px; margin-bottom: 15px;\">\u00c9quipement fourni<\/h4>\n<ul class=\"bf2col\">\n<li>Affichage des donn\u00e9es HACCP.<\/li>\n<li>Exportation et impression de donn\u00e9es HACCP.<\/li>\n<li>Ex\u00e9cution de recettes et de programmes pr\u00e9d\u00e9finis par nos Chefs.<\/li>\n<li>Modification et r\u00e9glage du degr\u00e9 de cuisson souhait\u00e9 et de la charge de fourn\u00e9e.<\/li>\n<li>M\u00e9morisation du degr\u00e9 de cuisson souhait\u00e9 et de la charge de fourn\u00e9e pr\u00e9f\u00e9r\u00e9e pour chaque recette.<\/li>\n<li>Affichage de toutes les informations n\u00e9cessaires \u00e0 la pr\u00e9paration et \u00e0 l\u2019ex\u00e9cution des recettes.<\/li>\n<li>Recherche recette par image.<\/li>\n<li>Recherche facilit\u00e9e recettes par nom.<\/li>\n<li>Syst\u00e8me de lavage automatique avec 4 niveaux d\u2019intensit\u00e9 diff\u00e9rents + rin\u00e7age rapide.<\/li>\n<li>D\u00e9marrage diff\u00e9r\u00e9 \/d\u00e9marrage automatique \u00e0 une heure pr\u00e9d\u00e9termin\u00e9e avec ou sans pr\u00e9chauffage.<\/li>\n<li>Refroidissement automatique ou sugg\u00e9r\u00e9 de la chambre de cuisson.<\/li>\n<li>Rin\u00e7age automatique en cas de lavage interrompu.<\/li>\n<li>Avertissement d\u2019insertion et d\u2019extraction de la roue de lavage.<\/li>\n<li>Avertissement erreurs d\u2019utilisation sonde au c\u0153ur.<\/li>\n<li>Chambre avec coins arrondis et grilles porte-plaques en fil d\u2019acier AISI 304 pour assurer une hygi\u00e8ne et une propret\u00e9 maximales.<\/li>\n<li>Bac de collecte de gouttes \u00e0 haute capacit\u00e9 de collecte et d\u2019\u00e9vacuation.<\/li>\n<li>Portes \u00e0 doubles vitres tremp\u00e9es athermiques \u00e0 faible \u00e9mission.<\/li>\n<\/ul>\n<\/div>\n<div class=\"one-third\"><img decoding=\"async\" src=\"\/wp-content\/uploads\/2018\/04\/forno-professionale-bestfor-rack.jpg\" width=\"300\" align=\"right\" alt=\"\"><\/div>\n<\/div>\n<hr class=\"small\">\n<h3 class=\"rosso\">Les lignes id\u00e9ales pour ces activit\u00e9s<\/h3>\n<h4>Ligne Gourmet<\/h4>\n<p><div class=\"owl-carousel bf\"><div class=\"listing-item\"><a class=\"image\" href=\"https:\/\/www.bakeoff.it\/fr\/forni\/gourmet\/gourmet-5t-gn2-3-classic\"><img loading=\"lazy\" decoding=\"async\" width=\"620\" height=\"380\" src=\"https:\/\/www.bakeoff.it\/wp-content\/uploads\/2021\/03\/g_523_c-620x380.jpg\" class=\"attachment-portfolio size-portfolio wp-post-image\" alt=\"\" \/><\/a> <a class=\"title\" href=\"https:\/\/www.bakeoff.it\/fr\/forni\/gourmet\/gourmet-5t-gn2-3-classic\">Gourmet 5T GN2\/3 Classic<\/a><\/div><div class=\"listing-item\"><a class=\"image\" href=\"https:\/\/www.bakeoff.it\/fr\/forni\/gourmet\/slim-5t-classic\"><img loading=\"lazy\" decoding=\"async\" width=\"620\" height=\"380\" src=\"https:\/\/www.bakeoff.it\/wp-content\/uploads\/2021\/03\/g_slim_c-4-620x380.jpg\" class=\"attachment-portfolio size-portfolio wp-post-image\" alt=\"\" \/><\/a> <a class=\"title\" href=\"https:\/\/www.bakeoff.it\/fr\/forni\/gourmet\/slim-5t-classic\">Slim 5T Classic<\/a><\/div><div class=\"listing-item\"><a class=\"image\" href=\"https:\/\/www.bakeoff.it\/fr\/forni\/gourmet\/gourmet-5t-classic\"><img loading=\"lazy\" decoding=\"async\" width=\"620\" height=\"380\" src=\"https:\/\/www.bakeoff.it\/wp-content\/uploads\/2021\/03\/g_511_c-4-620x380.jpg\" class=\"attachment-portfolio size-portfolio wp-post-image\" alt=\"\" \/><\/a> <a class=\"title\" href=\"https:\/\/www.bakeoff.it\/fr\/forni\/gourmet\/gourmet-5t-classic\">Gourmet 5T Classic<\/a><\/div><div class=\"listing-item\"><a class=\"image\" href=\"https:\/\/www.bakeoff.it\/fr\/forni\/gourmet\/gourmet-10t-classic\"><img loading=\"lazy\" decoding=\"async\" width=\"620\" height=\"380\" src=\"https:\/\/www.bakeoff.it\/wp-content\/uploads\/2021\/03\/g_1011_c-4-620x380.jpg\" class=\"attachment-portfolio size-portfolio wp-post-image\" alt=\"\" \/><\/a> <a class=\"title\" href=\"https:\/\/www.bakeoff.it\/fr\/forni\/gourmet\/gourmet-10t-classic\">Gourmet 10T Classic<\/a><\/div><div class=\"listing-item\"><a class=\"image\" href=\"https:\/\/www.bakeoff.it\/fr\/forni\/gourmet\/gourmet-6t-gn2-1-classic\"><img loading=\"lazy\" decoding=\"async\" width=\"620\" height=\"380\" src=\"https:\/\/www.bakeoff.it\/wp-content\/uploads\/2021\/03\/g_621_c-4-620x380.jpg\" class=\"attachment-portfolio size-portfolio wp-post-image\" alt=\"\" \/><\/a> <a class=\"title\" href=\"https:\/\/www.bakeoff.it\/fr\/forni\/gourmet\/gourmet-6t-gn2-1-classic\">Gourmet 6T GN2\/1 Classic<\/a><\/div><div class=\"listing-item\"><a class=\"image\" href=\"https:\/\/www.bakeoff.it\/fr\/forni\/gourmet\/gourmet-10t-gn2-1-classic\"><img loading=\"lazy\" decoding=\"async\" width=\"620\" height=\"380\" src=\"https:\/\/www.bakeoff.it\/wp-content\/uploads\/2021\/03\/g_1021_c-620x380.jpg\" class=\"attachment-portfolio size-portfolio wp-post-image\" alt=\"\" \/><\/a> <a class=\"title\" href=\"https:\/\/www.bakeoff.it\/fr\/forni\/gourmet\/gourmet-10t-gn2-1-classic\">Gourmet 10T GN2\/1 Classic<\/a><\/div><div class=\"listing-item\"><a class=\"image\" href=\"https:\/\/www.bakeoff.it\/fr\/forni\/gourmet\/rack-20t-classic\"><img loading=\"lazy\" decoding=\"async\" width=\"620\" height=\"380\" src=\"https:\/\/www.bakeoff.it\/wp-content\/uploads\/2020\/06\/rack-ok-620x380.jpg\" class=\"attachment-portfolio size-portfolio wp-post-image\" alt=\"\" \/><\/a> <a class=\"title\" href=\"https:\/\/www.bakeoff.it\/fr\/forni\/gourmet\/rack-20t-classic\">Rack 20T Classic<\/a><\/div><div class=\"listing-item\"><a class=\"image\" href=\"https:\/\/www.bakeoff.it\/fr\/forni\/gourmet\/gourmet-5t-gn2-3-master-pro\"><img loading=\"lazy\" decoding=\"async\" width=\"620\" height=\"380\" src=\"https:\/\/www.bakeoff.it\/wp-content\/uploads\/2022\/11\/926004280-620x380.jpg\" class=\"attachment-portfolio size-portfolio wp-post-image\" alt=\"\" \/><\/a> <a class=\"title\" href=\"https:\/\/www.bakeoff.it\/fr\/forni\/gourmet\/gourmet-5t-gn2-3-master-pro\">Gourmet 5T GN2\/3 Master Pro<\/a><\/div><div class=\"listing-item\"><a class=\"image\" href=\"https:\/\/www.bakeoff.it\/fr\/forni\/gourmet\/gourmet-5t-slim-master-pro\"><img loading=\"lazy\" decoding=\"async\" width=\"620\" height=\"380\" src=\"https:\/\/www.bakeoff.it\/wp-content\/uploads\/2022\/11\/926004830-620x380.jpg\" class=\"attachment-portfolio size-portfolio wp-post-image\" alt=\"\" \/><\/a> <a class=\"title\" href=\"https:\/\/www.bakeoff.it\/fr\/forni\/gourmet\/gourmet-5t-slim-master-pro\">Gourmet 5T Slim Master Pro<\/a><\/div><div class=\"listing-item\"><a class=\"image\" href=\"https:\/\/www.bakeoff.it\/fr\/forni\/gourmet\/gourmet-5t-master-pro\"><img loading=\"lazy\" decoding=\"async\" width=\"620\" height=\"380\" src=\"https:\/\/www.bakeoff.it\/wp-content\/uploads\/2022\/11\/926004630-620x380.jpg\" class=\"attachment-portfolio size-portfolio wp-post-image\" alt=\"\" \/><\/a> <a class=\"title\" href=\"https:\/\/www.bakeoff.it\/fr\/forni\/gourmet\/gourmet-5t-master-pro\">Gourmet 5T Master Pro<\/a><\/div><div class=\"listing-item\"><a class=\"image\" href=\"https:\/\/www.bakeoff.it\/fr\/forni\/gourmet\/gourmet-10t-master-pro\"><img loading=\"lazy\" decoding=\"async\" width=\"620\" height=\"380\" src=\"https:\/\/www.bakeoff.it\/wp-content\/uploads\/2022\/11\/926007630-620x380.jpg\" class=\"attachment-portfolio size-portfolio wp-post-image\" alt=\"\" \/><\/a> <a class=\"title\" href=\"https:\/\/www.bakeoff.it\/fr\/forni\/gourmet\/gourmet-10t-master-pro\">Gourmet 10T Master Pro<\/a><\/div><div class=\"listing-item\"><a class=\"image\" href=\"https:\/\/www.bakeoff.it\/fr\/forni\/gourmet\/gourmet-6t-gn2-1-master-pro\"><img loading=\"lazy\" decoding=\"async\" width=\"620\" height=\"380\" src=\"https:\/\/www.bakeoff.it\/wp-content\/uploads\/2022\/11\/926013230-620x380.jpg\" class=\"attachment-portfolio size-portfolio wp-post-image\" alt=\"\" \/><\/a> <a class=\"title\" href=\"https:\/\/www.bakeoff.it\/fr\/forni\/gourmet\/gourmet-6t-gn2-1-master-pro\">Gourmet 6T GN2\/1 Master Pro<\/a><\/div><div class=\"listing-item\"><a class=\"image\" href=\"https:\/\/www.bakeoff.it\/fr\/forni\/gourmet\/gourmet-10t-gn2-1-master-pro\"><img loading=\"lazy\" decoding=\"async\" width=\"620\" height=\"380\" src=\"https:\/\/www.bakeoff.it\/wp-content\/uploads\/2022\/11\/926013630-620x380.jpg\" class=\"attachment-portfolio size-portfolio wp-post-image\" alt=\"\" \/><\/a> <a class=\"title\" href=\"https:\/\/www.bakeoff.it\/fr\/forni\/gourmet\/gourmet-10t-gn2-1-master-pro\">Gourmet 10T GN2\/1 Master Pro<\/a><\/div><div class=\"listing-item\"><a class=\"image\" href=\"https:\/\/www.bakeoff.it\/fr\/forni\/gourmet\/rack-20t-master-pro\"><img loading=\"lazy\" decoding=\"async\" width=\"620\" height=\"380\" src=\"https:\/\/www.bakeoff.it\/wp-content\/uploads\/2020\/06\/rack-masterproOK-620x380.jpg\" class=\"attachment-portfolio size-portfolio wp-post-image\" alt=\"\" \/><\/a> <a class=\"title\" href=\"https:\/\/www.bakeoff.it\/fr\/forni\/gourmet\/rack-20t-master-pro\">Rack 20T Master Pro<\/a><\/div><div class=\"listing-item\"><a class=\"image\" href=\"https:\/\/www.bakeoff.it\/fr\/forni\/gourmet\/bistrot-7t-classic\"><img loading=\"lazy\" decoding=\"async\" width=\"620\" height=\"380\" src=\"https:\/\/www.bakeoff.it\/wp-content\/uploads\/2025\/06\/g_765_c-620x380.jpg\" class=\"attachment-portfolio size-portfolio wp-post-image\" alt=\"\" \/><\/a> <a class=\"title\" href=\"https:\/\/www.bakeoff.it\/fr\/forni\/gourmet\/bistrot-7t-classic\">Gourmet 7T-L Classic<\/a><\/div><div class=\"listing-item\"><a class=\"image\" href=\"https:\/\/www.bakeoff.it\/fr\/forni\/gourmet\/gourmet-7t-master-pro\"><img loading=\"lazy\" decoding=\"async\" width=\"620\" height=\"380\" src=\"https:\/\/www.bakeoff.it\/wp-content\/uploads\/2025\/06\/g_765_mp-620x380.jpg\" class=\"attachment-portfolio size-portfolio wp-post-image\" alt=\"\" \/><\/a> <a class=\"title\" href=\"https:\/\/www.bakeoff.it\/fr\/forni\/gourmet\/gourmet-7t-master-pro\">Gourmet 7T-L Master Pro<\/a><\/div><div class=\"listing-item\"><a class=\"image\" href=\"https:\/\/www.bakeoff.it\/fr\/forni\/gourmet\/gourmet-12t-classic\"><img loading=\"lazy\" decoding=\"async\" width=\"620\" height=\"380\" src=\"https:\/\/www.bakeoff.it\/wp-content\/uploads\/2025\/06\/g_1265_c-620x380.jpg\" class=\"attachment-portfolio size-portfolio wp-post-image\" alt=\"\" \/><\/a> <a class=\"title\" href=\"https:\/\/www.bakeoff.it\/fr\/forni\/gourmet\/gourmet-12t-classic\">Gourmet 12T-L Classic<\/a><\/div><div class=\"listing-item\"><a class=\"image\" href=\"https:\/\/www.bakeoff.it\/fr\/forni\/gourmet\/gourmet-12t-master-pro\"><img loading=\"lazy\" decoding=\"async\" width=\"620\" height=\"380\" src=\"https:\/\/www.bakeoff.it\/wp-content\/uploads\/2025\/06\/g_1265_mp-620x380.jpg\" class=\"attachment-portfolio size-portfolio wp-post-image\" alt=\"\" \/><\/a> <a class=\"title\" href=\"https:\/\/www.bakeoff.it\/fr\/forni\/gourmet\/gourmet-12t-master-pro\">Gourmet 12T-L Master Pro<\/a><\/div><div class=\"listing-item\"><a class=\"image\" href=\"https:\/\/www.bakeoff.it\/fr\/forni\/gourmet\/gourmet-19t-classic\"><img loading=\"lazy\" decoding=\"async\" width=\"620\" height=\"380\" src=\"https:\/\/www.bakeoff.it\/wp-content\/uploads\/2020\/06\/rack-ok-620x380.jpg\" class=\"attachment-portfolio size-portfolio wp-post-image\" alt=\"\" \/><\/a> <a class=\"title\" href=\"https:\/\/www.bakeoff.it\/fr\/forni\/gourmet\/gourmet-19t-classic\">Gourmet 19T Classic<\/a><\/div><div class=\"listing-item\"><a class=\"image\" href=\"https:\/\/www.bakeoff.it\/fr\/forni\/gourmet\/gourmet-19t-master-pro\"><img loading=\"lazy\" decoding=\"async\" width=\"620\" height=\"380\" src=\"https:\/\/www.bakeoff.it\/wp-content\/uploads\/2020\/06\/rack-masterproOK-620x380.jpg\" class=\"attachment-portfolio size-portfolio wp-post-image\" alt=\"\" \/><\/a> <a class=\"title\" href=\"https:\/\/www.bakeoff.it\/fr\/forni\/gourmet\/gourmet-19t-master-pro\">Gourmet 19T Master Pro<\/a><\/div><\/div><\/p>\n","protected":false},"excerpt":{"rendered":"<p>La technologie performante Les cantines d\u2019entreprise, les \u00e9coles, les h\u00f4pitaux et les grandes cuisines ont besoin d\u2019un contr\u00f4le, y compris \u00e0 distance, de la s\u00e9curit\u00e9 de l\u2019environnement de travail, du respect des proc\u00e9dures et des normes HACCP. Bien entendu, en respectant \u00e9galement les d\u00e9lais et les budgets. Tout cela est possible avec votre GOURMET qui,&hellip; <a href=\"https:\/\/www.bakeoff.it\/fr\/forni\/gourmet\/gourmet-19t-master-pro\" class=\"more-link\">Read more <span class=\"screen-reader-text\">\u00e0 proposGourmet 19T Master Pro<\/span><\/a><\/p>\n","protected":false},"author":2,"featured_media":0,"parent":19852,"menu_order":0,"comment_status":"closed","ping_status":"closed","template":"statica-single-post.php","meta":{"_acf_changed":false,"_genesis_hide_title":false,"_genesis_hide_breadcrumbs":false,"_genesis_hide_singular_image":false,"_genesis_hide_footer_widgets":false,"_genesis_custom_body_class":"","_genesis_custom_post_class":"","_genesis_layout":"","footnotes":""},"class_list":{"0":"post-22137","1":"page","2":"type-page","3":"status-publish","5":"entry","6":"has-post-thumbnail"},"acf":[],"_links":{"self":[{"href":"https:\/\/www.bakeoff.it\/fr\/wp-json\/wp\/v2\/pages\/22137","targetHints":{"allow":["GET"]}}],"collection":[{"href":"https:\/\/www.bakeoff.it\/fr\/wp-json\/wp\/v2\/pages"}],"about":[{"href":"https:\/\/www.bakeoff.it\/fr\/wp-json\/wp\/v2\/types\/page"}],"author":[{"embeddable":true,"href":"https:\/\/www.bakeoff.it\/fr\/wp-json\/wp\/v2\/users\/2"}],"replies":[{"embeddable":true,"href":"https:\/\/www.bakeoff.it\/fr\/wp-json\/wp\/v2\/comments?post=22137"}],"version-history":[{"count":2,"href":"https:\/\/www.bakeoff.it\/fr\/wp-json\/wp\/v2\/pages\/22137\/revisions"}],"predecessor-version":[{"id":22139,"href":"https:\/\/www.bakeoff.it\/fr\/wp-json\/wp\/v2\/pages\/22137\/revisions\/22139"}],"up":[{"embeddable":true,"href":"https:\/\/www.bakeoff.it\/fr\/wp-json\/wp\/v2\/pages\/19852"}],"wp:attachment":[{"href":"https:\/\/www.bakeoff.it\/fr\/wp-json\/wp\/v2\/media?parent=22137"}],"curies":[{"name":"wp","href":"https:\/\/api.w.org\/{rel}","templated":true}]}}