{"id":22152,"date":"2018-03-02T13:08:35","date_gmt":"2018-03-02T12:08:35","guid":{"rendered":"http:\/\/www.bakeoff.it\/fours-professionnels\/fours-pour-boucherie-fruits-legumes-et-poissonnerie"},"modified":"2021-09-01T16:17:07","modified_gmt":"2021-09-01T14:17:07","slug":"fours-pour-boucherie-fruits-legumes-et-poissonnerie","status":"publish","type":"page","link":"https:\/\/www.bakeoff.it\/fr\/fours-professionnels\/fours-pour-boucherie-fruits-legumes-et-poissonnerie","title":{"rendered":"Fours pour Boucherie et Fruits et L\u00e9gumes &#038; et Poissonnerie"},"content":{"rendered":"<p><div id=\"slide_impieghi\" class=\"owl-carousel\">\r\n    <div><a href=\"forni-per-ristoranti\/\"><span class=\"icobf rest \"><\/span><h6>Restaurant<\/h6><\/a><\/div>\r\n    <div><a href=\"forni-per-panifici\/\"><span class=\"icobf brd \"><\/span><h6>Boulangerie<\/h6><\/a><\/div>\r\n    <div><a href=\"forni-per-pasticcerie\/\"><span class=\"icobf sweet \"><\/span><h6>P\u00e2tisserie<\/h6><\/a><\/div>\r\n    <div><a href=\"forni-per-gastronomia\/\"><span class=\"icobf gast \"><\/span><h6>Gastronomie<\/h6><\/a><\/div>\r\n    <div><a href=\"forni-per-centri-cottura\/\"><span class=\"icobf cook \"><\/span><h6>Laboratoire de cuisine<\/h6><\/a><\/div>\r\n    <div><a href=\"forni-per-macellerie-ortofrutta-pescherie\/\"><span class=\"icobf fast on\"><\/span><h6>Boucherie \u00c9picerie & Poissonerie<\/h6><\/a><\/div>\r\n    <\/div>\r\n    <div class=\"centerh5\"><h5>Autres domaines d'utilisation<\/h5><\/div><\/p>\n<div class=\"clearfix trecolonne\">\n<div class=\"first one-third\">\n\t\t<img loading=\"lazy\" decoding=\"async\" src=\"\/wp-content\/uploads\/2018\/06\/forni-pesce-verdure.jpg\" alt=\"\" width=\"712\" height=\"475\"><\/div>\n<div class=\"two-thirds \">\n<h2>La technologie qui innove<\/h2>\n<div>\n<p>Mettre en \u0153uvre et renouveler les activit\u00e9s qui ont toujours \u00e9t\u00e9 fra\u00eeches, de qualit\u00e9 et de confort pour le consommateur le plus attentif et le plus exigeant, sans bouleverser le local et avec un minimum d\u2019investissement.<\/p>\n<p>Transformez vos aliments frais en produits \u00e0 emporter raffin\u00e9s et d\u00e9licieux.<\/p>\n<p>Avec les recettes et les programmes de cuisson r\u00e9alis\u00e9s par nos chefs, vous pourrez cuire et cuisiner en ajoutant go\u00fbt, service et valeur \u00e0 la qualit\u00e9 de toujours. Meilleur assortiment, moins de d\u00e9chets, plus de profits.<\/p>\n<\/div>\n<\/div>\n<\/div>\n<hr class=\"small\">\n<div class=\"clearfix\">\n<div class=\"first two-thirds\">\n<h2>Ligne Gourmet<\/h2>\n<p>Les aliments de tous les jours se transforment en plats sp\u00e9ciaux.<\/p>\n<h4 style=\"font-size: 22px; margin-top: 15px; margin-bottom: 15px;\">\u00c9quipement fourni<\/h4>\n<ul class=\"bf2col\">\n<li>Ex\u00e9cution de recettes et de programmes pr\u00e9d\u00e9finis par nos chefs.<\/li>\n<li>Modification et r\u00e9glage du degr\u00e9 de cuisson souhait\u00e9 et de la charge de fourn\u00e9e.<\/li>\n<li>M\u00e9morisation du degr\u00e9 de cuisson souhait\u00e9 et de la charge de fourn\u00e9e pr\u00e9f\u00e9r\u00e9e pour chaque recette.<\/li>\n<li>Affichage de toutes les informations n\u00e9cessaires \u00e0 la pr\u00e9paration et \u00e0 l\u2019ex\u00e9cution des recettes.<\/li>\n<li>Recherche recette par image.<\/li>\n<li>Recherche facilit\u00e9e recettes par nom.<\/li>\n<li>Porte r\u00e9versible avec ouverture droite\/gauche.<\/li>\n<li>Syst\u00e8me de lavage automatique avec 4 niveaux d\u2019intensit\u00e9 diff\u00e9rents + rin\u00e7age rapide.<\/li>\n<li>D\u00e9marrage diff\u00e9re\/d\u00e9marrage automatique \u00e0 une heure pr\u00e9d\u00e9termin\u00e9e avec ou sans pr\u00e9chauffage.<\/li>\n<li>Rin\u00e7age automatique en cas de lavage interrompu.<\/li>\n<li>Avertissement d\u2019insertion et d\u2019extraction de la roue de lavage.<\/li>\n<li>Avertissement erreurs d\u2019utilisation sonde au c\u0153ur.<\/li>\n<\/ul>\n<\/div>\n<div class=\"one-third\"><img decoding=\"async\" src=\"\/wp-content\/uploads\/2018\/04\/forno-professionale-bestfor-621.jpg\" alt=\"\"><\/div>\n<\/div>\n<hr class=\"small\">\n<h3 class=\"rosso\">Les lignes id\u00e9ales pour ces activit\u00e9s<\/h3>\n<h4>Ligne Gourmet<\/h4>\n<p><div class=\"owl-carousel bf\"><div class=\"listing-item\"><a class=\"image\" href=\"https:\/\/www.bakeoff.it\/fr\/forni\/gourmet\/gourmet-5t-gn2-3-classic\"><img loading=\"lazy\" decoding=\"async\" width=\"620\" height=\"380\" src=\"https:\/\/www.bakeoff.it\/wp-content\/uploads\/2021\/03\/g_523_c-620x380.jpg\" class=\"attachment-portfolio size-portfolio wp-post-image\" alt=\"\" \/><\/a> <a class=\"title\" href=\"https:\/\/www.bakeoff.it\/fr\/forni\/gourmet\/gourmet-5t-gn2-3-classic\">Gourmet 5T GN2\/3 Classic<\/a><\/div><div class=\"listing-item\"><a class=\"image\" href=\"https:\/\/www.bakeoff.it\/fr\/forni\/gourmet\/slim-5t-classic\"><img loading=\"lazy\" decoding=\"async\" width=\"620\" height=\"380\" src=\"https:\/\/www.bakeoff.it\/wp-content\/uploads\/2021\/03\/g_slim_c-4-620x380.jpg\" class=\"attachment-portfolio size-portfolio wp-post-image\" alt=\"\" \/><\/a> <a class=\"title\" href=\"https:\/\/www.bakeoff.it\/fr\/forni\/gourmet\/slim-5t-classic\">Slim 5T Classic<\/a><\/div><div class=\"listing-item\"><a class=\"image\" href=\"https:\/\/www.bakeoff.it\/fr\/forni\/gourmet\/gourmet-5t-classic\"><img loading=\"lazy\" decoding=\"async\" width=\"620\" height=\"380\" src=\"https:\/\/www.bakeoff.it\/wp-content\/uploads\/2021\/03\/g_511_c-4-620x380.jpg\" class=\"attachment-portfolio size-portfolio wp-post-image\" alt=\"\" \/><\/a> <a class=\"title\" href=\"https:\/\/www.bakeoff.it\/fr\/forni\/gourmet\/gourmet-5t-classic\">Gourmet 5T Classic<\/a><\/div><div class=\"listing-item\"><a class=\"image\" href=\"https:\/\/www.bakeoff.it\/fr\/forni\/gourmet\/gourmet-10t-classic\"><img loading=\"lazy\" decoding=\"async\" width=\"620\" height=\"380\" src=\"https:\/\/www.bakeoff.it\/wp-content\/uploads\/2021\/03\/g_1011_c-4-620x380.jpg\" class=\"attachment-portfolio size-portfolio wp-post-image\" alt=\"\" \/><\/a> <a class=\"title\" href=\"https:\/\/www.bakeoff.it\/fr\/forni\/gourmet\/gourmet-10t-classic\">Gourmet 10T Classic<\/a><\/div><div class=\"listing-item\"><a class=\"image\" href=\"https:\/\/www.bakeoff.it\/fr\/forni\/gourmet\/gourmet-6t-gn2-1-classic\"><img loading=\"lazy\" decoding=\"async\" width=\"620\" height=\"380\" src=\"https:\/\/www.bakeoff.it\/wp-content\/uploads\/2021\/03\/g_621_c-4-620x380.jpg\" class=\"attachment-portfolio size-portfolio wp-post-image\" alt=\"\" \/><\/a> <a class=\"title\" href=\"https:\/\/www.bakeoff.it\/fr\/forni\/gourmet\/gourmet-6t-gn2-1-classic\">Gourmet 6T GN2\/1 Classic<\/a><\/div><div class=\"listing-item\"><a class=\"image\" href=\"https:\/\/www.bakeoff.it\/fr\/forni\/gourmet\/gourmet-10t-gn2-1-classic\"><img loading=\"lazy\" decoding=\"async\" width=\"620\" height=\"380\" src=\"https:\/\/www.bakeoff.it\/wp-content\/uploads\/2021\/03\/g_1021_c-620x380.jpg\" class=\"attachment-portfolio size-portfolio wp-post-image\" alt=\"\" \/><\/a> <a class=\"title\" href=\"https:\/\/www.bakeoff.it\/fr\/forni\/gourmet\/gourmet-10t-gn2-1-classic\">Gourmet 10T GN2\/1 Classic<\/a><\/div><div class=\"listing-item\"><a class=\"image\" href=\"https:\/\/www.bakeoff.it\/fr\/forni\/gourmet\/rack-20t-classic\"><img loading=\"lazy\" decoding=\"async\" width=\"620\" height=\"380\" src=\"https:\/\/www.bakeoff.it\/wp-content\/uploads\/2020\/06\/rack-ok-620x380.jpg\" class=\"attachment-portfolio size-portfolio wp-post-image\" alt=\"\" \/><\/a> <a class=\"title\" href=\"https:\/\/www.bakeoff.it\/fr\/forni\/gourmet\/rack-20t-classic\">Rack 20T Classic<\/a><\/div><div class=\"listing-item\"><a class=\"image\" href=\"https:\/\/www.bakeoff.it\/fr\/forni\/gourmet\/gourmet-5t-gn2-3-master-pro\"><img loading=\"lazy\" decoding=\"async\" width=\"620\" height=\"380\" src=\"https:\/\/www.bakeoff.it\/wp-content\/uploads\/2022\/11\/926004280-620x380.jpg\" class=\"attachment-portfolio size-portfolio wp-post-image\" alt=\"\" \/><\/a> <a class=\"title\" href=\"https:\/\/www.bakeoff.it\/fr\/forni\/gourmet\/gourmet-5t-gn2-3-master-pro\">Gourmet 5T GN2\/3 Master Pro<\/a><\/div><div class=\"listing-item\"><a class=\"image\" href=\"https:\/\/www.bakeoff.it\/fr\/forni\/gourmet\/gourmet-5t-slim-master-pro\"><img loading=\"lazy\" decoding=\"async\" width=\"620\" height=\"380\" src=\"https:\/\/www.bakeoff.it\/wp-content\/uploads\/2022\/11\/926004830-620x380.jpg\" class=\"attachment-portfolio size-portfolio wp-post-image\" alt=\"\" \/><\/a> <a class=\"title\" href=\"https:\/\/www.bakeoff.it\/fr\/forni\/gourmet\/gourmet-5t-slim-master-pro\">Gourmet 5T Slim Master Pro<\/a><\/div><div class=\"listing-item\"><a class=\"image\" href=\"https:\/\/www.bakeoff.it\/fr\/forni\/gourmet\/gourmet-5t-master-pro\"><img loading=\"lazy\" decoding=\"async\" width=\"620\" height=\"380\" src=\"https:\/\/www.bakeoff.it\/wp-content\/uploads\/2022\/11\/926004630-620x380.jpg\" class=\"attachment-portfolio size-portfolio wp-post-image\" alt=\"\" \/><\/a> <a class=\"title\" href=\"https:\/\/www.bakeoff.it\/fr\/forni\/gourmet\/gourmet-5t-master-pro\">Gourmet 5T Master Pro<\/a><\/div><div class=\"listing-item\"><a class=\"image\" href=\"https:\/\/www.bakeoff.it\/fr\/forni\/gourmet\/gourmet-10t-master-pro\"><img loading=\"lazy\" decoding=\"async\" width=\"620\" height=\"380\" src=\"https:\/\/www.bakeoff.it\/wp-content\/uploads\/2022\/11\/926007630-620x380.jpg\" class=\"attachment-portfolio size-portfolio wp-post-image\" alt=\"\" \/><\/a> <a class=\"title\" href=\"https:\/\/www.bakeoff.it\/fr\/forni\/gourmet\/gourmet-10t-master-pro\">Gourmet 10T Master Pro<\/a><\/div><div class=\"listing-item\"><a class=\"image\" href=\"https:\/\/www.bakeoff.it\/fr\/forni\/gourmet\/gourmet-6t-gn2-1-master-pro\"><img loading=\"lazy\" decoding=\"async\" width=\"620\" height=\"380\" src=\"https:\/\/www.bakeoff.it\/wp-content\/uploads\/2022\/11\/926013230-620x380.jpg\" class=\"attachment-portfolio size-portfolio wp-post-image\" alt=\"\" \/><\/a> <a class=\"title\" href=\"https:\/\/www.bakeoff.it\/fr\/forni\/gourmet\/gourmet-6t-gn2-1-master-pro\">Gourmet 6T GN2\/1 Master Pro<\/a><\/div><div class=\"listing-item\"><a class=\"image\" href=\"https:\/\/www.bakeoff.it\/fr\/forni\/gourmet\/gourmet-10t-gn2-1-master-pro\"><img loading=\"lazy\" decoding=\"async\" width=\"620\" height=\"380\" src=\"https:\/\/www.bakeoff.it\/wp-content\/uploads\/2022\/11\/926013630-620x380.jpg\" class=\"attachment-portfolio size-portfolio wp-post-image\" alt=\"\" \/><\/a> <a class=\"title\" href=\"https:\/\/www.bakeoff.it\/fr\/forni\/gourmet\/gourmet-10t-gn2-1-master-pro\">Gourmet 10T GN2\/1 Master Pro<\/a><\/div><div class=\"listing-item\"><a class=\"image\" href=\"https:\/\/www.bakeoff.it\/fr\/forni\/gourmet\/rack-20t-master-pro\"><img loading=\"lazy\" decoding=\"async\" width=\"620\" height=\"380\" src=\"https:\/\/www.bakeoff.it\/wp-content\/uploads\/2020\/06\/rack-masterproOK-620x380.jpg\" class=\"attachment-portfolio size-portfolio wp-post-image\" alt=\"\" \/><\/a> <a class=\"title\" href=\"https:\/\/www.bakeoff.it\/fr\/forni\/gourmet\/rack-20t-master-pro\">Rack 20T Master Pro<\/a><\/div><div class=\"listing-item\"><a class=\"image\" href=\"https:\/\/www.bakeoff.it\/fr\/forni\/gourmet\/bistrot-7t-classic\"><img loading=\"lazy\" decoding=\"async\" width=\"620\" height=\"380\" src=\"https:\/\/www.bakeoff.it\/wp-content\/uploads\/2025\/06\/g_765_c-620x380.jpg\" class=\"attachment-portfolio size-portfolio wp-post-image\" alt=\"\" \/><\/a> <a class=\"title\" href=\"https:\/\/www.bakeoff.it\/fr\/forni\/gourmet\/bistrot-7t-classic\">Gourmet 7T-L Classic<\/a><\/div><div class=\"listing-item\"><a class=\"image\" href=\"https:\/\/www.bakeoff.it\/fr\/forni\/gourmet\/gourmet-7t-master-pro\"><img loading=\"lazy\" decoding=\"async\" width=\"620\" height=\"380\" src=\"https:\/\/www.bakeoff.it\/wp-content\/uploads\/2025\/06\/g_765_mp-620x380.jpg\" class=\"attachment-portfolio size-portfolio wp-post-image\" alt=\"\" \/><\/a> <a class=\"title\" href=\"https:\/\/www.bakeoff.it\/fr\/forni\/gourmet\/gourmet-7t-master-pro\">Gourmet 7T-L Master Pro<\/a><\/div><div class=\"listing-item\"><a class=\"image\" href=\"https:\/\/www.bakeoff.it\/fr\/forni\/gourmet\/gourmet-12t-classic\"><img loading=\"lazy\" decoding=\"async\" width=\"620\" height=\"380\" src=\"https:\/\/www.bakeoff.it\/wp-content\/uploads\/2025\/06\/g_1265_c-620x380.jpg\" class=\"attachment-portfolio size-portfolio wp-post-image\" alt=\"\" \/><\/a> <a class=\"title\" href=\"https:\/\/www.bakeoff.it\/fr\/forni\/gourmet\/gourmet-12t-classic\">Gourmet 12T-L Classic<\/a><\/div><div class=\"listing-item\"><a class=\"image\" href=\"https:\/\/www.bakeoff.it\/fr\/forni\/gourmet\/gourmet-12t-master-pro\"><img loading=\"lazy\" decoding=\"async\" width=\"620\" height=\"380\" src=\"https:\/\/www.bakeoff.it\/wp-content\/uploads\/2025\/06\/g_1265_mp-620x380.jpg\" class=\"attachment-portfolio size-portfolio wp-post-image\" alt=\"\" \/><\/a> <a class=\"title\" href=\"https:\/\/www.bakeoff.it\/fr\/forni\/gourmet\/gourmet-12t-master-pro\">Gourmet 12T-L Master Pro<\/a><\/div><div class=\"listing-item\"><a class=\"image\" href=\"https:\/\/www.bakeoff.it\/fr\/forni\/gourmet\/gourmet-19t-classic\"><img loading=\"lazy\" decoding=\"async\" width=\"620\" height=\"380\" src=\"https:\/\/www.bakeoff.it\/wp-content\/uploads\/2020\/06\/rack-ok-620x380.jpg\" class=\"attachment-portfolio size-portfolio wp-post-image\" alt=\"\" \/><\/a> <a class=\"title\" href=\"https:\/\/www.bakeoff.it\/fr\/forni\/gourmet\/gourmet-19t-classic\">Gourmet 19T Classic<\/a><\/div><div class=\"listing-item\"><a class=\"image\" href=\"https:\/\/www.bakeoff.it\/fr\/forni\/gourmet\/gourmet-19t-master-pro\"><img loading=\"lazy\" decoding=\"async\" width=\"620\" height=\"380\" src=\"https:\/\/www.bakeoff.it\/wp-content\/uploads\/2020\/06\/rack-masterproOK-620x380.jpg\" class=\"attachment-portfolio size-portfolio wp-post-image\" alt=\"\" \/><\/a> <a class=\"title\" href=\"https:\/\/www.bakeoff.it\/fr\/forni\/gourmet\/gourmet-19t-master-pro\">Gourmet 19T Master Pro<\/a><\/div><\/div><\/p>\n<h4>Ligne Easy<\/h4>\n<p><div class=\"owl-carousel bf\"><div class=\"listing-item\"><a class=\"image\" href=\"https:\/\/www.bakeoff.it\/fr\/forni\/easy-2\/easy-4t-manual\"><img loading=\"lazy\" decoding=\"async\" width=\"620\" height=\"380\" src=\"https:\/\/www.bakeoff.it\/wp-content\/uploads\/2021\/03\/e_4_m-4-620x380.jpg\" class=\"attachment-portfolio size-portfolio wp-post-image\" alt=\"\" \/><\/a> <a class=\"title\" href=\"https:\/\/www.bakeoff.it\/fr\/forni\/easy-2\/easy-4t-manual\">Easy 4T Manual<\/a><\/div><div class=\"listing-item\"><a class=\"image\" href=\"https:\/\/www.bakeoff.it\/fr\/forni\/easy-2\/easy-6t-manual\"><img loading=\"lazy\" decoding=\"async\" width=\"620\" height=\"380\" src=\"https:\/\/www.bakeoff.it\/wp-content\/uploads\/2021\/03\/e_6_m-4-620x380.jpg\" class=\"attachment-portfolio size-portfolio wp-post-image\" alt=\"\" \/><\/a> <a class=\"title\" href=\"https:\/\/www.bakeoff.it\/fr\/forni\/easy-2\/easy-6t-manual\">Easy 6T Manual<\/a><\/div><div class=\"listing-item\"><a class=\"image\" href=\"https:\/\/www.bakeoff.it\/fr\/forni\/easy-2\/easy-10t-manual\"><img loading=\"lazy\" decoding=\"async\" width=\"620\" height=\"380\" src=\"https:\/\/www.bakeoff.it\/wp-content\/uploads\/2021\/03\/e_10_m-4-620x380.jpg\" class=\"attachment-portfolio size-portfolio wp-post-image\" alt=\"\" \/><\/a> <a class=\"title\" href=\"https:\/\/www.bakeoff.it\/fr\/forni\/easy-2\/easy-10t-manual\">Easy 10T Manual<\/a><\/div><div class=\"listing-item\"><a class=\"image\" href=\"https:\/\/www.bakeoff.it\/fr\/forni\/easy-2\/essential-4t\"><img loading=\"lazy\" decoding=\"async\" width=\"620\" height=\"380\" src=\"https:\/\/www.bakeoff.it\/wp-content\/uploads\/2025\/06\/es_4-620x380.jpg\" class=\"attachment-portfolio size-portfolio wp-post-image\" alt=\"\" \/><\/a> <a class=\"title\" href=\"https:\/\/www.bakeoff.it\/fr\/forni\/easy-2\/essential-4t\">Easy 4T Essential<\/a><\/div><div class=\"listing-item\"><a class=\"image\" href=\"https:\/\/www.bakeoff.it\/fr\/forni\/easy-2\/essential-6t\"><img loading=\"lazy\" decoding=\"async\" width=\"620\" height=\"380\" src=\"https:\/\/www.bakeoff.it\/wp-content\/uploads\/2025\/06\/es_6-620x380.jpg\" class=\"attachment-portfolio size-portfolio wp-post-image\" alt=\"\" \/><\/a> <a class=\"title\" href=\"https:\/\/www.bakeoff.it\/fr\/forni\/easy-2\/essential-6t\">Easy 6T Essential<\/a><\/div><div class=\"listing-item\"><a class=\"image\" href=\"https:\/\/www.bakeoff.it\/fr\/forni\/easy-2\/essential-10t\"><img loading=\"lazy\" decoding=\"async\" width=\"620\" height=\"380\" src=\"https:\/\/www.bakeoff.it\/wp-content\/uploads\/2025\/06\/es_10-620x380.jpg\" class=\"attachment-portfolio size-portfolio wp-post-image\" alt=\"\" \/><\/a> <a class=\"title\" href=\"https:\/\/www.bakeoff.it\/fr\/forni\/easy-2\/essential-10t\">Easy 10T Essential<\/a><\/div><\/div><\/p>\n","protected":false},"excerpt":{"rendered":"<p>La technologie qui innove Mettre en \u0153uvre et renouveler les activit\u00e9s qui ont toujours \u00e9t\u00e9 fra\u00eeches, de qualit\u00e9 et de confort pour le consommateur le plus attentif et le plus exigeant, sans bouleverser le local et avec un minimum d\u2019investissement. Transformez vos aliments frais en produits \u00e0 emporter raffin\u00e9s et d\u00e9licieux. Avec les recettes et&hellip; <a href=\"https:\/\/www.bakeoff.it\/fr\/forni\/easy-2\/essential-10t\" class=\"more-link\">Read more <span class=\"screen-reader-text\">\u00e0 proposEasy 10T Essential<\/span><\/a><\/p>\n","protected":false},"author":2,"featured_media":0,"parent":19852,"menu_order":0,"comment_status":"closed","ping_status":"closed","template":"statica-single-post.php","meta":{"_acf_changed":false,"_genesis_hide_title":false,"_genesis_hide_breadcrumbs":false,"_genesis_hide_singular_image":false,"_genesis_hide_footer_widgets":false,"_genesis_custom_body_class":"","_genesis_custom_post_class":"","_genesis_layout":"","footnotes":""},"class_list":{"0":"post-22152","1":"page","2":"type-page","3":"status-publish","5":"entry","6":"has-post-thumbnail"},"acf":[],"_links":{"self":[{"href":"https:\/\/www.bakeoff.it\/fr\/wp-json\/wp\/v2\/pages\/22152","targetHints":{"allow":["GET"]}}],"collection":[{"href":"https:\/\/www.bakeoff.it\/fr\/wp-json\/wp\/v2\/pages"}],"about":[{"href":"https:\/\/www.bakeoff.it\/fr\/wp-json\/wp\/v2\/types\/page"}],"author":[{"embeddable":true,"href":"https:\/\/www.bakeoff.it\/fr\/wp-json\/wp\/v2\/users\/2"}],"replies":[{"embeddable":true,"href":"https:\/\/www.bakeoff.it\/fr\/wp-json\/wp\/v2\/comments?post=22152"}],"version-history":[{"count":3,"href":"https:\/\/www.bakeoff.it\/fr\/wp-json\/wp\/v2\/pages\/22152\/revisions"}],"predecessor-version":[{"id":22156,"href":"https:\/\/www.bakeoff.it\/fr\/wp-json\/wp\/v2\/pages\/22152\/revisions\/22156"}],"up":[{"embeddable":true,"href":"https:\/\/www.bakeoff.it\/fr\/wp-json\/wp\/v2\/pages\/19852"}],"wp:attachment":[{"href":"https:\/\/www.bakeoff.it\/fr\/wp-json\/wp\/v2\/media?parent=22152"}],"curies":[{"name":"wp","href":"https:\/\/api.w.org\/{rel}","templated":true}]}}